{"id":1260,"date":"2023-06-05T10:45:45","date_gmt":"2023-06-05T10:45:45","guid":{"rendered":"https:\/\/visualecommerce.es\/?page_id=1260"},"modified":"2023-06-12T13:13:02","modified_gmt":"2023-06-12T13:13:02","slug":"nuestros-clientes-02","status":"publish","type":"page","link":"https:\/\/visualecommerce.es\/en\/nuestros-clientes-02\/","title":{"rendered":"Nuestros Clientes 02"},"content":{"rendered":"<div data-elementor-type=\"wp-page\" data-elementor-id=\"1260\" class=\"elementor elementor-1260\" data-elementor-settings=\"{&quot;element_pack_global_tooltip_width&quot;:{&quot;unit&quot;:&quot;px&quot;,&quot;size&quot;:&quot;&quot;,&quot;sizes&quot;:[]},&quot;element_pack_global_tooltip_width_tablet&quot;:{&quot;unit&quot;:&quot;px&quot;,&quot;size&quot;:&quot;&quot;,&quot;sizes&quot;:[]},&quot;element_pack_global_tooltip_width_mobile&quot;:{&quot;unit&quot;:&quot;px&quot;,&quot;size&quot;:&quot;&quot;,&quot;sizes&quot;:[]},&quot;element_pack_global_tooltip_padding&quot;:{&quot;unit&quot;:&quot;px&quot;,&quot;top&quot;:&quot;&quot;,&quot;right&quot;:&quot;&quot;,&quot;bottom&quot;:&quot;&quot;,&quot;left&quot;:&quot;&quot;,&quot;isLinked&quot;:true},&quot;element_pack_global_tooltip_padding_tablet&quot;:{&quot;unit&quot;:&quot;px&quot;,&quot;top&quot;:&quot;&quot;,&quot;right&quot;:&quot;&quot;,&quot;bottom&quot;:&quot;&quot;,&quot;left&quot;:&quot;&quot;,&quot;isLinked&quot;:true},&quot;element_pack_global_tooltip_padding_mobile&quot;:{&quot;unit&quot;:&quot;px&quot;,&quot;top&quot;:&quot;&quot;,&quot;right&quot;:&quot;&quot;,&quot;bottom&quot;:&quot;&quot;,&quot;left&quot;:&quot;&quot;,&quot;isLinked&quot;:true},&quot;element_pack_global_tooltip_border_radius&quot;:{&quot;unit&quot;:&quot;px&quot;,&quot;top&quot;:&quot;&quot;,&quot;right&quot;:&quot;&quot;,&quot;bottom&quot;:&quot;&quot;,&quot;left&quot;:&quot;&quot;,&quot;isLinked&quot;:true},&quot;element_pack_global_tooltip_border_radius_tablet&quot;:{&quot;unit&quot;:&quot;px&quot;,&quot;top&quot;:&quot;&quot;,&quot;right&quot;:&quot;&quot;,&quot;bottom&quot;:&quot;&quot;,&quot;left&quot;:&quot;&quot;,&quot;isLinked&quot;:true},&quot;element_pack_global_tooltip_border_radius_mobile&quot;:{&quot;unit&quot;:&quot;px&quot;,&quot;top&quot;:&quot;&quot;,&quot;right&quot;:&quot;&quot;,&quot;bottom&quot;:&quot;&quot;,&quot;left&quot;:&quot;&quot;,&quot;isLinked&quot;:true}}\" data-elementor-post-type=\"page\">\n\t\t\t\t\t\t<section class=\"elementor-section elementor-top-section elementor-element elementor-element-53de3ad0 elementor-section-boxed elementor-section-height-default elementor-section-height-default\" data-id=\"53de3ad0\" data-element_type=\"section\">\n\t\t\t\t\t\t<div class=\"elementor-container elementor-column-gap-no\">\n\t\t\t\t\t<div class=\"elementor-column elementor-col-100 elementor-top-column elementor-element elementor-element-1323d4b4\" data-id=\"1323d4b4\" data-element_type=\"column\">\n\t\t\t<div class=\"elementor-widget-wrap elementor-element-populated\">\n\t\t\t\t\t\t<div class=\"elementor-element elementor-element-5dbacffd elementor-widget elementor-widget-heading\" data-id=\"5dbacffd\" data-element_type=\"widget\" data-widget_type=\"heading.default\">\n\t\t\t\t<div class=\"elementor-widget-container\">\n\t\t\t<h1 class=\"elementor-heading-title elementor-size-default\">Mayoral AW20-21<\/h1>\t\t<\/div>\n\t\t\t\t<\/div>\n\t\t\t\t<div class=\"elementor-element elementor-element-2cf79f6 elementor-widget elementor-widget-text-editor\" data-id=\"2cf79f6\" data-element_type=\"widget\" data-widget_type=\"text-editor.default\">\n\t\t\t\t<div class=\"elementor-widget-container\">\n\t\t\t\t\t\t\t<p>We created with Mayoral its model, still life and product images for its online shop<\/p>\t\t\t\t\t\t<\/div>\n\t\t\t\t<\/div>\n\t\t\t\t\t<\/div>\n\t\t<\/div>\n\t\t\t\t\t<\/div>\n\t\t<\/section>\n\t\t<div class=\"elementor-element elementor-element-7458cf6 e-flex e-con-boxed e-con e-parent\" data-id=\"7458cf6\" data-element_type=\"container\">\n\t\t\t\t\t<div class=\"e-con-inner\">\n\t\t\t\t<div class=\"elementor-element elementor-element-84d003f elementor-widget elementor-widget-spacer\" data-id=\"84d003f\" data-element_type=\"widget\" data-widget_type=\"spacer.default\">\n\t\t\t\t<div class=\"elementor-widget-container\">\n\t\t\t\t\t<div class=\"elementor-spacer\">\n\t\t\t<div class=\"elementor-spacer-inner\"><\/div>\n\t\t<\/div>\n\t\t\t\t<\/div>\n\t\t\t\t<\/div>\n\t\t\t\t\t<\/div>\n\t\t\t\t<\/div>\n\t\t<div class=\"elementor-element elementor-element-8302952 e-flex e-con-boxed e-con e-parent\" data-id=\"8302952\" data-element_type=\"container\">\n\t\t\t\t\t<div class=\"e-con-inner\">\n\t\t\t\t<div class=\"elementor-element elementor-element-9078737 elementor-widget elementor-widget-image\" data-id=\"9078737\" data-element_type=\"widget\" data-widget_type=\"image.default\">\n\t\t\t\t<div class=\"elementor-widget-container\">\n\t\t\t\t\t\t\t\t\t\t\t\t\t<img decoding=\"async\" src=\"https:\/\/visualecommerce.es\/wp-content\/uploads\/2023\/06\/Mayoral01.jpeg\" title=\"Mayoral\" alt=\"Fotograf\u00eda de producto en modelo\" loading=\"lazy\" \/>\t\t\t\t\t\t\t\t\t\t\t\t\t<\/div>\n\t\t\t\t<\/div>\n\t\t\t\t<div class=\"elementor-element elementor-element-519a55a elementor-widget elementor-widget-image\" data-id=\"519a55a\" data-element_type=\"widget\" data-widget_type=\"image.default\">\n\t\t\t\t<div class=\"elementor-widget-container\">\n\t\t\t\t\t\t\t\t\t\t\t\t\t<img decoding=\"async\" src=\"https:\/\/visualecommerce.es\/wp-content\/uploads\/2023\/06\/Mayoral02.jpeg\" title=\"Mayoral\" alt=\"Fotograf\u00eda de producto en modelo\" loading=\"lazy\" \/>\t\t\t\t\t\t\t\t\t\t\t\t\t<\/div>\n\t\t\t\t<\/div>\n\t\t\t\t<div class=\"elementor-element elementor-element-4e288ec elementor-widget elementor-widget-image\" data-id=\"4e288ec\" data-element_type=\"widget\" data-widget_type=\"image.default\">\n\t\t\t\t<div class=\"elementor-widget-container\">\n\t\t\t\t\t\t\t\t\t\t\t\t\t<img decoding=\"async\" src=\"https:\/\/visualecommerce.es\/wp-content\/uploads\/2023\/06\/Mayoral03.jpeg\" title=\"Mayoral\" alt=\"Fotograf\u00eda de producto en modelo y percha\" loading=\"lazy\" \/>\t\t\t\t\t\t\t\t\t\t\t\t\t<\/div>\n\t\t\t\t<\/div>\n\t\t\t\t<div class=\"elementor-element elementor-element-95dbcc3 elementor-widget elementor-widget-image\" data-id=\"95dbcc3\" data-element_type=\"widget\" data-widget_type=\"image.default\">\n\t\t\t\t<div class=\"elementor-widget-container\">\n\t\t\t\t\t\t\t\t\t\t\t\t\t<img decoding=\"async\" src=\"https:\/\/visualecommerce.es\/wp-content\/uploads\/2023\/06\/Mayoral04.jpeg\" title=\"Mayoral\" alt=\"Fotograf\u00eda de producto en modelo\" loading=\"lazy\" \/>\t\t\t\t\t\t\t\t\t\t\t\t\t<\/div>\n\t\t\t\t<\/div>\n\t\t\t\t<div class=\"elementor-element elementor-element-22f23ef elementor-widget elementor-widget-image\" data-id=\"22f23ef\" data-element_type=\"widget\" data-widget_type=\"image.default\">\n\t\t\t\t<div class=\"elementor-widget-container\">\n\t\t\t\t\t\t\t\t\t\t\t\t\t<img decoding=\"async\" src=\"https:\/\/visualecommerce.es\/wp-content\/uploads\/2023\/06\/Mayoral05.jpeg\" title=\"Mayoral\" alt=\"Fotograf\u00eda de producto en modelo\" loading=\"lazy\" \/>\t\t\t\t\t\t\t\t\t\t\t\t\t<\/div>\n\t\t\t\t<\/div>\n\t\t\t\t<div class=\"elementor-element elementor-element-5113fb0 elementor-widget elementor-widget-image\" data-id=\"5113fb0\" data-element_type=\"widget\" data-widget_type=\"image.default\">\n\t\t\t\t<div class=\"elementor-widget-container\">\n\t\t\t\t\t\t\t\t\t\t\t\t\t<img decoding=\"async\" src=\"https:\/\/visualecommerce.es\/wp-content\/uploads\/2023\/06\/Mayoral06.jpeg\" title=\"Mayoral\" alt=\"Fotograf\u00eda de producto en modelo\" loading=\"lazy\" \/>\t\t\t\t\t\t\t\t\t\t\t\t\t<\/div>\n\t\t\t\t<\/div>\n\t\t\t\t<div class=\"elementor-element elementor-element-9b44dcf elementor-widget elementor-widget-image\" data-id=\"9b44dcf\" data-element_type=\"widget\" data-widget_type=\"image.default\">\n\t\t\t\t<div class=\"elementor-widget-container\">\n\t\t\t\t\t\t\t\t\t\t\t\t\t<img decoding=\"async\" src=\"https:\/\/visualecommerce.es\/wp-content\/uploads\/2023\/06\/Mayoral07.jpeg\" title=\"Mayoral\" alt=\"Fotograf\u00eda de producto en modelo\" loading=\"lazy\" \/>\t\t\t\t\t\t\t\t\t\t\t\t\t<\/div>\n\t\t\t\t<\/div>\n\t\t\t\t<div class=\"elementor-element elementor-element-0375b95 elementor-widget elementor-widget-image\" data-id=\"0375b95\" data-element_type=\"widget\" data-widget_type=\"image.default\">\n\t\t\t\t<div class=\"elementor-widget-container\">\n\t\t\t\t\t\t\t\t\t\t\t\t\t<img decoding=\"async\" src=\"https:\/\/visualecommerce.es\/wp-content\/uploads\/2023\/06\/Mayoral08.jpeg\" title=\"Mayoral\" alt=\"Fotograf\u00eda de producto\" loading=\"lazy\" \/>\t\t\t\t\t\t\t\t\t\t\t\t\t<\/div>\n\t\t\t\t<\/div>\n\t\t\t\t<div class=\"elementor-element elementor-element-bc72cc2 elementor-widget elementor-widget-image\" data-id=\"bc72cc2\" data-element_type=\"widget\" data-widget_type=\"image.default\">\n\t\t\t\t<div class=\"elementor-widget-container\">\n\t\t\t\t\t\t\t\t\t\t\t\t\t<img decoding=\"async\" src=\"https:\/\/visualecommerce.es\/wp-content\/uploads\/2023\/06\/Mayoral09.jpeg\" title=\"Mayoral\" alt=\"Fotograf\u00eda de producto en modelo\" loading=\"lazy\" \/>\t\t\t\t\t\t\t\t\t\t\t\t\t<\/div>\n\t\t\t\t<\/div>\n\t\t\t\t<div class=\"elementor-element elementor-element-b32be4d elementor-widget elementor-widget-image\" data-id=\"b32be4d\" data-element_type=\"widget\" data-widget_type=\"image.default\">\n\t\t\t\t<div class=\"elementor-widget-container\">\n\t\t\t\t\t\t\t\t\t\t\t\t\t<img decoding=\"async\" src=\"https:\/\/visualecommerce.es\/wp-content\/uploads\/2023\/06\/Mayoral010.jpeg\" title=\"Mayoral\" alt=\"Fotograf\u00eda de producto\" loading=\"lazy\" \/>\t\t\t\t\t\t\t\t\t\t\t\t\t<\/div>\n\t\t\t\t<\/div>\n\t\t\t\t<div class=\"elementor-element elementor-element-9618f06 elementor-widget elementor-widget-image\" data-id=\"9618f06\" data-element_type=\"widget\" data-widget_type=\"image.default\">\n\t\t\t\t<div class=\"elementor-widget-container\">\n\t\t\t\t\t\t\t\t\t\t\t\t\t<img decoding=\"async\" src=\"https:\/\/visualecommerce.es\/wp-content\/uploads\/2023\/06\/Mayoral011.jpeg\" title=\"Mayoral\" alt=\"Fotograf\u00eda de producto en modelo\" loading=\"lazy\" \/>\t\t\t\t\t\t\t\t\t\t\t\t\t<\/div>\n\t\t\t\t<\/div>\n\t\t\t\t<div class=\"elementor-element elementor-element-bc4c017 elementor-widget elementor-widget-image\" data-id=\"bc4c017\" data-element_type=\"widget\" data-widget_type=\"image.default\">\n\t\t\t\t<div class=\"elementor-widget-container\">\n\t\t\t\t\t\t\t\t\t\t\t\t\t<img decoding=\"async\" src=\"https:\/\/visualecommerce.es\/wp-content\/uploads\/2023\/06\/Mayoral012.jpeg\" title=\"Mayoral\" alt=\"Fotograf\u00eda de producto en modelo\" loading=\"lazy\" \/>\t\t\t\t\t\t\t\t\t\t\t\t\t<\/div>\n\t\t\t\t<\/div>\n\t\t\t\t\t<\/div>\n\t\t\t\t<\/div>\n\t\t<div class=\"elementor-element elementor-element-7fb901d e-flex e-con-boxed e-con e-parent\" data-id=\"7fb901d\" data-element_type=\"container\">\n\t\t\t\t\t<div class=\"e-con-inner\">\n\t\t<div class=\"elementor-element elementor-element-e3c21f6 e-con-full e-flex e-con e-child\" data-id=\"e3c21f6\" data-element_type=\"container\">\n\t\t\t\t<div class=\"elementor-element elementor-element-2889d36 elementor-widget elementor-widget-button\" data-id=\"2889d36\" data-element_type=\"widget\" data-widget_type=\"button.default\">\n\t\t\t\t<div class=\"elementor-widget-container\">\n\t\t\t\t\t\t\t<div class=\"elementor-button-wrapper\">\n\t\t\t\t\t<a class=\"elementor-button elementor-button-link elementor-size-sm\" href=\"https:\/\/visualecommerce.es\/en\/nuestros-clientes-01\/\">\n\t\t\t\t\t\t<span class=\"elementor-button-content-wrapper\">\n\t\t\t\t\t\t\t\t\t<span class=\"elementor-button-text\"><<< Mary Paz<\/span>\n\t\t\t\t\t<\/span>\n\t\t\t\t\t<\/a>\n\t\t\t\t<\/div>\n\t\t\t\t\t\t<\/div>\n\t\t\t\t<\/div>\n\t\t\t\t<\/div>\n\t\t<div class=\"elementor-element elementor-element-be09b6e e-con-full e-flex e-con e-child\" data-id=\"be09b6e\" data-element_type=\"container\">\n\t\t\t\t<\/div>\n\t\t<div class=\"elementor-element elementor-element-5cbdff9 e-con-full e-flex e-con e-child\" data-id=\"5cbdff9\" data-element_type=\"container\">\n\t\t\t\t<div class=\"elementor-element elementor-element-6499c50 elementor-widget elementor-widget-button\" data-id=\"6499c50\" data-element_type=\"widget\" data-widget_type=\"button.default\">\n\t\t\t\t<div class=\"elementor-widget-container\">\n\t\t\t\t\t\t\t<div class=\"elementor-button-wrapper\">\n\t\t\t\t\t<a class=\"elementor-button elementor-button-link elementor-size-sm\" href=\"https:\/\/visualecommerce.es\/en\/nuestros-clientes-03\/\">\n\t\t\t\t\t\t<span class=\"elementor-button-content-wrapper\">\n\t\t\t\t\t\t\t\t\t<span class=\"elementor-button-text\">Itemporality  &gt;&gt;&gt;<\/span>\n\t\t\t\t\t<\/span>\n\t\t\t\t\t<\/a>\n\t\t\t\t<\/div>\n\t\t\t\t\t\t<\/div>\n\t\t\t\t<\/div>\n\t\t\t\t<\/div>\n\t\t\t\t\t<\/div>\n\t\t\t\t<\/div>\n\t\t\t\t<\/div>","protected":false},"excerpt":{"rendered":"<p>Mayoral AW20-21 Creamos con Mayoral las im\u00e1genes de su l\u00ednea mini para su tienda online tanto de modelo como de producto.<\/p>","protected":false},"author":1,"featured_media":0,"parent":0,"menu_order":0,"comment_status":"closed","ping_status":"closed","template":"elementor_header_footer","meta":{"_joinchat":[],"footnotes":""},"class_list":["post-1260","page","type-page","status-publish","hentry"],"yoast_head":"<!-- This site is optimized with the Yoast SEO Premium plugin v23.9 (Yoast SEO v23.9) - https:\/\/yoast.com\/wordpress\/plugins\/seo\/ -->\n<title>Nuestros Clientes 02 - Fotograf\u00eda de Producto Madrid<\/title>\n<meta name=\"robots\" content=\"index, follow, max-snippet:-1, max-image-preview:large, max-video-preview:-1\" \/>\n<link rel=\"canonical\" href=\"https:\/\/visualecommerce.es\/en\/nuestros-clientes-02\/\" \/>\n<meta property=\"og:locale\" content=\"en_GB\" \/>\n<meta property=\"og:type\" content=\"article\" \/>\n<meta property=\"og:title\" content=\"Nuestros Clientes 02\" \/>\n<meta property=\"og:description\" content=\"Mayoral AW20-21 Creamos con Mayoral las im\u00e1genes de su l\u00ednea mini para su tienda online tanto de modelo como de producto.\" \/>\n<meta property=\"og:url\" content=\"https:\/\/visualecommerce.es\/en\/nuestros-clientes-02\/\" \/>\n<meta property=\"og:site_name\" content=\"Fotograf\u00eda de Producto Madrid\" \/>\n<meta property=\"article:publisher\" content=\"https:\/\/www.facebook.com\/VisualEcommerceFotografia\" \/>\n<meta property=\"article:modified_time\" content=\"2023-06-12T13:13:02+00:00\" \/>\n<meta property=\"og:image\" content=\"https:\/\/visualecommerce.es\/wp-content\/uploads\/2023\/06\/Mayoral01.jpeg\" \/>\n<meta name=\"twitter:card\" content=\"summary_large_image\" \/>\n<script type=\"application\/ld+json\" class=\"yoast-schema-graph\">{\"@context\":\"https:\/\/schema.org\",\"@graph\":[{\"@type\":\"WebPage\",\"@id\":\"https:\/\/visualecommerce.es\/nuestros-clientes-02\/\",\"url\":\"https:\/\/visualecommerce.es\/nuestros-clientes-02\/\",\"name\":\"Nuestros Clientes 02 - Fotograf\u00eda de Producto Madrid\",\"isPartOf\":{\"@id\":\"https:\/\/visualecommerce.es\/#website\"},\"primaryImageOfPage\":{\"@id\":\"https:\/\/visualecommerce.es\/nuestros-clientes-02\/#primaryimage\"},\"image\":{\"@id\":\"https:\/\/visualecommerce.es\/nuestros-clientes-02\/#primaryimage\"},\"thumbnailUrl\":\"https:\/\/visualecommerce.es\/wp-content\/uploads\/2023\/06\/Mayoral01.jpeg\",\"datePublished\":\"2023-06-05T10:45:45+00:00\",\"dateModified\":\"2023-06-12T13:13:02+00:00\",\"breadcrumb\":{\"@id\":\"https:\/\/visualecommerce.es\/nuestros-clientes-02\/#breadcrumb\"},\"inLanguage\":\"en-GB\",\"potentialAction\":[{\"@type\":\"ReadAction\",\"target\":[\"https:\/\/visualecommerce.es\/nuestros-clientes-02\/\"]}]},{\"@type\":\"ImageObject\",\"inLanguage\":\"en-GB\",\"@id\":\"https:\/\/visualecommerce.es\/nuestros-clientes-02\/#primaryimage\",\"url\":\"https:\/\/visualecommerce.es\/wp-content\/uploads\/2023\/06\/Mayoral01.jpeg\",\"contentUrl\":\"https:\/\/visualecommerce.es\/wp-content\/uploads\/2023\/06\/Mayoral01.jpeg\"},{\"@type\":\"BreadcrumbList\",\"@id\":\"https:\/\/visualecommerce.es\/nuestros-clientes-02\/#breadcrumb\",\"itemListElement\":[{\"@type\":\"ListItem\",\"position\":1,\"name\":\"Home\",\"item\":\"https:\/\/visualecommerce.es\/\"},{\"@type\":\"ListItem\",\"position\":2,\"name\":\"Nuestros Clientes 02\"}]},{\"@type\":\"WebSite\",\"@id\":\"https:\/\/visualecommerce.es\/#website\",\"url\":\"https:\/\/visualecommerce.es\/\",\"name\":\"Fotograf\u00eda de Producto Madrid\",\"description\":\"Fotograf\u00eda y v\u00eddeo ecommerce\",\"publisher\":{\"@id\":\"https:\/\/visualecommerce.es\/#organization\"},\"alternateName\":\"Visual Ecommerce Fotografia\",\"potentialAction\":[{\"@type\":\"SearchAction\",\"target\":{\"@type\":\"EntryPoint\",\"urlTemplate\":\"https:\/\/visualecommerce.es\/?s={search_term_string}\"},\"query-input\":{\"@type\":\"PropertyValueSpecification\",\"valueRequired\":true,\"valueName\":\"search_term_string\"}}],\"inLanguage\":\"en-GB\"},{\"@type\":\"Organization\",\"@id\":\"https:\/\/visualecommerce.es\/#organization\",\"name\":\"Visual Ecommerce Fotograf\u00eda SL\",\"alternateName\":\"Visual Ecommerce\",\"url\":\"https:\/\/visualecommerce.es\/\",\"logo\":{\"@type\":\"ImageObject\",\"inLanguage\":\"en-GB\",\"@id\":\"https:\/\/visualecommerce.es\/#\/schema\/logo\/image\/\",\"url\":\"https:\/\/visualecommerce.es\/wp-content\/uploads\/2023\/05\/VisualEcommerce_Logotipo-1.png\",\"contentUrl\":\"https:\/\/visualecommerce.es\/wp-content\/uploads\/2023\/05\/VisualEcommerce_Logotipo-1.png\",\"width\":350,\"height\":100,\"caption\":\"Visual Ecommerce Fotograf\u00eda SL\"},\"image\":{\"@id\":\"https:\/\/visualecommerce.es\/#\/schema\/logo\/image\/\"},\"sameAs\":[\"https:\/\/www.facebook.com\/VisualEcommerceFotografia\",\"https:\/\/www.instagram.com\/visual_ecommerce\/\",\"https:\/\/www.youtube.com\/@VisualEcommerceFotografi-zo9km\",\"https:\/\/www.linkedin.com\/company\/visual-ecommerce-spain\"],\"description\":\"Estudio de fotograf\u00eda y v\u00eddeo para tiendas online.\",\"email\":\"info@visualecommerce.es\",\"telephone\":\"+34 667290107\",\"legalName\":\"Visual Ecommerce Fotograf\u00eda SL\",\"foundingDate\":\"2014-01-01\",\"numberOfEmployees\":{\"@type\":\"QuantitativeValue\",\"minValue\":\"1\",\"maxValue\":\"10\"}}]}<\/script>\n<!-- \/ Yoast SEO Premium plugin. -->","yoast_head_json":{"title":"Nuestros Clientes 02 - Fotograf\u00eda de Producto Madrid","robots":{"index":"index","follow":"follow","max-snippet":"max-snippet:-1","max-image-preview":"max-image-preview:large","max-video-preview":"max-video-preview:-1"},"canonical":"https:\/\/visualecommerce.es\/en\/nuestros-clientes-02\/","og_locale":"en_GB","og_type":"article","og_title":"Nuestros Clientes 02","og_description":"Mayoral AW20-21 Creamos con Mayoral las im\u00e1genes de su l\u00ednea mini para su tienda online tanto de modelo como de producto.","og_url":"https:\/\/visualecommerce.es\/en\/nuestros-clientes-02\/","og_site_name":"Fotograf\u00eda de Producto Madrid","article_publisher":"https:\/\/www.facebook.com\/VisualEcommerceFotografia","article_modified_time":"2023-06-12T13:13:02+00:00","og_image":[{"url":"https:\/\/visualecommerce.es\/wp-content\/uploads\/2023\/06\/Mayoral01.jpeg"}],"twitter_card":"summary_large_image","schema":{"@context":"https:\/\/schema.org","@graph":[{"@type":"WebPage","@id":"https:\/\/visualecommerce.es\/nuestros-clientes-02\/","url":"https:\/\/visualecommerce.es\/nuestros-clientes-02\/","name":"Nuestros Clientes 02 - Fotograf\u00eda de Producto Madrid","isPartOf":{"@id":"https:\/\/visualecommerce.es\/#website"},"primaryImageOfPage":{"@id":"https:\/\/visualecommerce.es\/nuestros-clientes-02\/#primaryimage"},"image":{"@id":"https:\/\/visualecommerce.es\/nuestros-clientes-02\/#primaryimage"},"thumbnailUrl":"https:\/\/visualecommerce.es\/wp-content\/uploads\/2023\/06\/Mayoral01.jpeg","datePublished":"2023-06-05T10:45:45+00:00","dateModified":"2023-06-12T13:13:02+00:00","breadcrumb":{"@id":"https:\/\/visualecommerce.es\/nuestros-clientes-02\/#breadcrumb"},"inLanguage":"en-GB","potentialAction":[{"@type":"ReadAction","target":["https:\/\/visualecommerce.es\/nuestros-clientes-02\/"]}]},{"@type":"ImageObject","inLanguage":"en-GB","@id":"https:\/\/visualecommerce.es\/nuestros-clientes-02\/#primaryimage","url":"https:\/\/visualecommerce.es\/wp-content\/uploads\/2023\/06\/Mayoral01.jpeg","contentUrl":"https:\/\/visualecommerce.es\/wp-content\/uploads\/2023\/06\/Mayoral01.jpeg"},{"@type":"BreadcrumbList","@id":"https:\/\/visualecommerce.es\/nuestros-clientes-02\/#breadcrumb","itemListElement":[{"@type":"ListItem","position":1,"name":"Home","item":"https:\/\/visualecommerce.es\/"},{"@type":"ListItem","position":2,"name":"Nuestros Clientes 02"}]},{"@type":"WebSite","@id":"https:\/\/visualecommerce.es\/#website","url":"https:\/\/visualecommerce.es\/","name":"Fotograf\u00eda de Producto Madrid","description":"Fotograf\u00eda y v\u00eddeo ecommerce","publisher":{"@id":"https:\/\/visualecommerce.es\/#organization"},"alternateName":"Visual Ecommerce Fotografia","potentialAction":[{"@type":"SearchAction","target":{"@type":"EntryPoint","urlTemplate":"https:\/\/visualecommerce.es\/?s={search_term_string}"},"query-input":{"@type":"PropertyValueSpecification","valueRequired":true,"valueName":"search_term_string"}}],"inLanguage":"en-GB"},{"@type":"Organization","@id":"https:\/\/visualecommerce.es\/#organization","name":"Visual Ecommerce Fotograf\u00eda SL","alternateName":"Visual Ecommerce","url":"https:\/\/visualecommerce.es\/","logo":{"@type":"ImageObject","inLanguage":"en-GB","@id":"https:\/\/visualecommerce.es\/#\/schema\/logo\/image\/","url":"https:\/\/visualecommerce.es\/wp-content\/uploads\/2023\/05\/VisualEcommerce_Logotipo-1.png","contentUrl":"https:\/\/visualecommerce.es\/wp-content\/uploads\/2023\/05\/VisualEcommerce_Logotipo-1.png","width":350,"height":100,"caption":"Visual Ecommerce Fotograf\u00eda SL"},"image":{"@id":"https:\/\/visualecommerce.es\/#\/schema\/logo\/image\/"},"sameAs":["https:\/\/www.facebook.com\/VisualEcommerceFotografia","https:\/\/www.instagram.com\/visual_ecommerce\/","https:\/\/www.youtube.com\/@VisualEcommerceFotografi-zo9km","https:\/\/www.linkedin.com\/company\/visual-ecommerce-spain"],"description":"Estudio de fotograf\u00eda y v\u00eddeo para tiendas online.","email":"info@visualecommerce.es","telephone":"+34 667290107","legalName":"Visual Ecommerce Fotograf\u00eda SL","foundingDate":"2014-01-01","numberOfEmployees":{"@type":"QuantitativeValue","minValue":"1","maxValue":"10"}}]}},"_links":{"self":[{"href":"https:\/\/visualecommerce.es\/en\/wp-json\/wp\/v2\/pages\/1260","targetHints":{"allow":["GET"]}}],"collection":[{"href":"https:\/\/visualecommerce.es\/en\/wp-json\/wp\/v2\/pages"}],"about":[{"href":"https:\/\/visualecommerce.es\/en\/wp-json\/wp\/v2\/types\/page"}],"author":[{"embeddable":true,"href":"https:\/\/visualecommerce.es\/en\/wp-json\/wp\/v2\/users\/1"}],"replies":[{"embeddable":true,"href":"https:\/\/visualecommerce.es\/en\/wp-json\/wp\/v2\/comments?post=1260"}],"version-history":[{"count":23,"href":"https:\/\/visualecommerce.es\/en\/wp-json\/wp\/v2\/pages\/1260\/revisions"}],"predecessor-version":[{"id":2982,"href":"https:\/\/visualecommerce.es\/en\/wp-json\/wp\/v2\/pages\/1260\/revisions\/2982"}],"wp:attachment":[{"href":"https:\/\/visualecommerce.es\/en\/wp-json\/wp\/v2\/media?parent=1260"}],"curies":[{"name":"wp","href":"https:\/\/api.w.org\/{rel}","templated":true}]}}