{"id":1372,"date":"2023-06-05T12:08:46","date_gmt":"2023-06-05T12:08:46","guid":{"rendered":"https:\/\/visualecommerce.es\/?page_id=1372"},"modified":"2023-06-13T07:15:21","modified_gmt":"2023-06-13T07:15:21","slug":"nuestros-clientes-06","status":"publish","type":"page","link":"https:\/\/visualecommerce.es\/en\/nuestros-clientes-06\/","title":{"rendered":"Nuestros Clientes 06"},"content":{"rendered":"<div data-elementor-type=\"wp-page\" data-elementor-id=\"1372\" class=\"elementor elementor-1372\" data-elementor-settings=\"{&quot;element_pack_global_tooltip_width&quot;:{&quot;unit&quot;:&quot;px&quot;,&quot;size&quot;:&quot;&quot;,&quot;sizes&quot;:[]},&quot;element_pack_global_tooltip_width_tablet&quot;:{&quot;unit&quot;:&quot;px&quot;,&quot;size&quot;:&quot;&quot;,&quot;sizes&quot;:[]},&quot;element_pack_global_tooltip_width_mobile&quot;:{&quot;unit&quot;:&quot;px&quot;,&quot;size&quot;:&quot;&quot;,&quot;sizes&quot;:[]},&quot;element_pack_global_tooltip_padding&quot;:{&quot;unit&quot;:&quot;px&quot;,&quot;top&quot;:&quot;&quot;,&quot;right&quot;:&quot;&quot;,&quot;bottom&quot;:&quot;&quot;,&quot;left&quot;:&quot;&quot;,&quot;isLinked&quot;:true},&quot;element_pack_global_tooltip_padding_tablet&quot;:{&quot;unit&quot;:&quot;px&quot;,&quot;top&quot;:&quot;&quot;,&quot;right&quot;:&quot;&quot;,&quot;bottom&quot;:&quot;&quot;,&quot;left&quot;:&quot;&quot;,&quot;isLinked&quot;:true},&quot;element_pack_global_tooltip_padding_mobile&quot;:{&quot;unit&quot;:&quot;px&quot;,&quot;top&quot;:&quot;&quot;,&quot;right&quot;:&quot;&quot;,&quot;bottom&quot;:&quot;&quot;,&quot;left&quot;:&quot;&quot;,&quot;isLinked&quot;:true},&quot;element_pack_global_tooltip_border_radius&quot;:{&quot;unit&quot;:&quot;px&quot;,&quot;top&quot;:&quot;&quot;,&quot;right&quot;:&quot;&quot;,&quot;bottom&quot;:&quot;&quot;,&quot;left&quot;:&quot;&quot;,&quot;isLinked&quot;:true},&quot;element_pack_global_tooltip_border_radius_tablet&quot;:{&quot;unit&quot;:&quot;px&quot;,&quot;top&quot;:&quot;&quot;,&quot;right&quot;:&quot;&quot;,&quot;bottom&quot;:&quot;&quot;,&quot;left&quot;:&quot;&quot;,&quot;isLinked&quot;:true},&quot;element_pack_global_tooltip_border_radius_mobile&quot;:{&quot;unit&quot;:&quot;px&quot;,&quot;top&quot;:&quot;&quot;,&quot;right&quot;:&quot;&quot;,&quot;bottom&quot;:&quot;&quot;,&quot;left&quot;:&quot;&quot;,&quot;isLinked&quot;:true}}\" data-elementor-post-type=\"page\">\n\t\t\t\t\t\t<section class=\"elementor-section elementor-top-section elementor-element elementor-element-53de3ad0 elementor-section-boxed elementor-section-height-default elementor-section-height-default\" data-id=\"53de3ad0\" data-element_type=\"section\">\n\t\t\t\t\t\t<div class=\"elementor-container elementor-column-gap-no\">\n\t\t\t\t\t<div class=\"elementor-column elementor-col-100 elementor-top-column elementor-element elementor-element-1323d4b4\" data-id=\"1323d4b4\" data-element_type=\"column\">\n\t\t\t<div class=\"elementor-widget-wrap elementor-element-populated\">\n\t\t\t\t\t\t<div class=\"elementor-element elementor-element-5dbacffd elementor-widget elementor-widget-heading\" data-id=\"5dbacffd\" data-element_type=\"widget\" data-widget_type=\"heading.default\">\n\t\t\t\t<div class=\"elementor-widget-container\">\n\t\t\t<h1 class=\"elementor-heading-title elementor-size-default\">Castell Miquel<\/h1>\t\t<\/div>\n\t\t\t\t<\/div>\n\t\t\t\t<div class=\"elementor-element elementor-element-2cf79f6 elementor-widget elementor-widget-text-editor\" data-id=\"2cf79f6\" data-element_type=\"widget\" data-widget_type=\"text-editor.default\">\n\t\t\t\t<div class=\"elementor-widget-container\">\n\t\t\t\t\t\t\t<p>We created with Castell Miquel its product images for its online shop.<\/p>\t\t\t\t\t\t<\/div>\n\t\t\t\t<\/div>\n\t\t\t\t\t<\/div>\n\t\t<\/div>\n\t\t\t\t\t<\/div>\n\t\t<\/section>\n\t\t<div class=\"elementor-element elementor-element-8302952 e-flex e-con-boxed e-con e-parent\" data-id=\"8302952\" data-element_type=\"container\">\n\t\t\t\t\t<div class=\"e-con-inner\">\n\t\t\t\t<div class=\"elementor-element elementor-element-9078737 elementor-widget elementor-widget-image\" data-id=\"9078737\" data-element_type=\"widget\" data-widget_type=\"image.default\">\n\t\t\t\t<div class=\"elementor-widget-container\">\n\t\t\t\t\t\t\t\t\t\t\t\t\t<img decoding=\"async\" src=\"https:\/\/visualecommerce.es\/wp-content\/uploads\/2023\/06\/CatellMiquel01.jpeg\" title=\"Catell Miquel\" alt=\"Fotograf\u00eda de producto - Castell Miquel\" loading=\"lazy\" \/>\t\t\t\t\t\t\t\t\t\t\t\t\t<\/div>\n\t\t\t\t<\/div>\n\t\t\t\t<div class=\"elementor-element elementor-element-519a55a elementor-widget elementor-widget-image\" data-id=\"519a55a\" data-element_type=\"widget\" data-widget_type=\"image.default\">\n\t\t\t\t<div class=\"elementor-widget-container\">\n\t\t\t\t\t\t\t\t\t\t\t\t\t<img decoding=\"async\" src=\"https:\/\/visualecommerce.es\/wp-content\/uploads\/2023\/06\/CatellMiquel02.jpeg\" title=\"Catell Miquel\" alt=\"Fotograf\u00eda de producto - Castell Miquel\" loading=\"lazy\" \/>\t\t\t\t\t\t\t\t\t\t\t\t\t<\/div>\n\t\t\t\t<\/div>\n\t\t\t\t<div class=\"elementor-element elementor-element-4e288ec elementor-widget elementor-widget-image\" data-id=\"4e288ec\" data-element_type=\"widget\" data-widget_type=\"image.default\">\n\t\t\t\t<div class=\"elementor-widget-container\">\n\t\t\t\t\t\t\t\t\t\t\t\t\t<img decoding=\"async\" src=\"https:\/\/visualecommerce.es\/wp-content\/uploads\/2023\/06\/CatellMiquel03.jpeg\" title=\"Catell Miquel\" alt=\"Fotograf\u00eda de producto - Castell Miquel\" loading=\"lazy\" \/>\t\t\t\t\t\t\t\t\t\t\t\t\t<\/div>\n\t\t\t\t<\/div>\n\t\t\t\t<div class=\"elementor-element elementor-element-95dbcc3 elementor-widget elementor-widget-image\" data-id=\"95dbcc3\" data-element_type=\"widget\" data-widget_type=\"image.default\">\n\t\t\t\t<div class=\"elementor-widget-container\">\n\t\t\t\t\t\t\t\t\t\t\t\t\t<img decoding=\"async\" src=\"https:\/\/visualecommerce.es\/wp-content\/uploads\/2023\/06\/CatellMiquel04.jpeg\" title=\"Catell Miquel\" alt=\"Fotograf\u00eda de producto - Castell Miquel\" loading=\"lazy\" \/>\t\t\t\t\t\t\t\t\t\t\t\t\t<\/div>\n\t\t\t\t<\/div>\n\t\t\t\t<div class=\"elementor-element elementor-element-55a15b0 elementor-widget elementor-widget-image\" data-id=\"55a15b0\" data-element_type=\"widget\" data-widget_type=\"image.default\">\n\t\t\t\t<div class=\"elementor-widget-container\">\n\t\t\t\t\t\t\t\t\t\t\t\t\t<img decoding=\"async\" src=\"https:\/\/visualecommerce.es\/wp-content\/uploads\/2023\/06\/CatellMiquel05.jpeg\" title=\"Catell Miquel\" alt=\"Fotograf\u00eda de producto - Castell Miquel\" loading=\"lazy\" \/>\t\t\t\t\t\t\t\t\t\t\t\t\t<\/div>\n\t\t\t\t<\/div>\n\t\t\t\t<div class=\"elementor-element elementor-element-7cfbc3b elementor-widget elementor-widget-image\" data-id=\"7cfbc3b\" data-element_type=\"widget\" data-widget_type=\"image.default\">\n\t\t\t\t<div class=\"elementor-widget-container\">\n\t\t\t\t\t\t\t\t\t\t\t\t\t<img decoding=\"async\" src=\"https:\/\/visualecommerce.es\/wp-content\/uploads\/2023\/06\/CatellMiquel06.jpeg\" title=\"Catell Miquel\" alt=\"Fotograf\u00eda de producto - Castell Miquel\" loading=\"lazy\" \/>\t\t\t\t\t\t\t\t\t\t\t\t\t<\/div>\n\t\t\t\t<\/div>\n\t\t\t\t\t<\/div>\n\t\t\t\t<\/div>\n\t\t<div class=\"elementor-element elementor-element-68da33e e-flex e-con-boxed e-con e-parent\" data-id=\"68da33e\" data-element_type=\"container\">\n\t\t\t\t\t<div class=\"e-con-inner\">\n\t\t<div class=\"elementor-element elementor-element-82bed41 e-con-full e-flex e-con e-child\" data-id=\"82bed41\" data-element_type=\"container\">\n\t\t\t\t<div class=\"elementor-element elementor-element-3726efb elementor-widget elementor-widget-button\" data-id=\"3726efb\" data-element_type=\"widget\" data-widget_type=\"button.default\">\n\t\t\t\t<div class=\"elementor-widget-container\">\n\t\t\t\t\t\t\t<div class=\"elementor-button-wrapper\">\n\t\t\t\t\t<a class=\"elementor-button elementor-button-link elementor-size-sm\" href=\"https:\/\/visualecommerce.es\/en\/nuestros-clientes-05\/\">\n\t\t\t\t\t\t<span class=\"elementor-button-content-wrapper\">\n\t\t\t\t\t\t\t\t\t<span class=\"elementor-button-text\"><<< Nuggela & Sul\u00e9<\/span>\n\t\t\t\t\t<\/span>\n\t\t\t\t\t<\/a>\n\t\t\t\t<\/div>\n\t\t\t\t\t\t<\/div>\n\t\t\t\t<\/div>\n\t\t\t\t<\/div>\n\t\t<div class=\"elementor-element elementor-element-a275862 e-con-full e-flex e-con e-child\" data-id=\"a275862\" data-element_type=\"container\">\n\t\t\t\t<div class=\"elementor-element elementor-element-e388e28 elementor-widget elementor-widget-text-editor\" data-id=\"e388e28\" data-element_type=\"widget\" data-widget_type=\"text-editor.default\">\n\t\t\t\t<div class=\"elementor-widget-container\">\n\t\t\t\t\t\t\t<p>OTROS&nbsp; TRABAJOS BY VISUAL<\/p>\t\t\t\t\t\t<\/div>\n\t\t\t\t<\/div>\n\t\t\t\t<\/div>\n\t\t<div class=\"elementor-element elementor-element-f82f4cd e-con-full e-flex e-con e-child\" data-id=\"f82f4cd\" data-element_type=\"container\">\n\t\t\t\t<div class=\"elementor-element elementor-element-ede2bf6 elementor-widget elementor-widget-button\" data-id=\"ede2bf6\" data-element_type=\"widget\" data-widget_type=\"button.default\">\n\t\t\t\t<div class=\"elementor-widget-container\">\n\t\t\t\t\t\t\t<div class=\"elementor-button-wrapper\">\n\t\t\t\t\t<a class=\"elementor-button elementor-button-link elementor-size-sm\" href=\"https:\/\/visualecommerce.es\/en\/nuestros-clientes-07\/\">\n\t\t\t\t\t\t<span class=\"elementor-button-content-wrapper\">\n\t\t\t\t\t\t\t\t\t<span class=\"elementor-button-text\">Tita Madrid &gt;&gt;&gt;<\/span>\n\t\t\t\t\t<\/span>\n\t\t\t\t\t<\/a>\n\t\t\t\t<\/div>\n\t\t\t\t\t\t<\/div>\n\t\t\t\t<\/div>\n\t\t\t\t<\/div>\n\t\t\t\t\t<\/div>\n\t\t\t\t<\/div>\n\t\t\t\t<\/div>","protected":false},"excerpt":{"rendered":"<p>Castell Miquel Creamos con Castell Miquel sus im\u00e1genes de producto para su tienda online.<\/p>","protected":false},"author":1,"featured_media":0,"parent":0,"menu_order":0,"comment_status":"closed","ping_status":"closed","template":"elementor_header_footer","meta":{"_joinchat":[],"footnotes":""},"class_list":["post-1372","page","type-page","status-publish","hentry"],"yoast_head":"<!-- This site is optimized with the Yoast SEO Premium plugin v23.9 (Yoast SEO v23.9) - https:\/\/yoast.com\/wordpress\/plugins\/seo\/ -->\n<title>Nuestros Clientes 06 - Fotograf\u00eda de Producto Madrid<\/title>\n<meta name=\"robots\" content=\"index, follow, max-snippet:-1, max-image-preview:large, max-video-preview:-1\" \/>\n<link rel=\"canonical\" href=\"https:\/\/visualecommerce.es\/en\/nuestros-clientes-06\/\" \/>\n<meta property=\"og:locale\" content=\"en_GB\" \/>\n<meta property=\"og:type\" content=\"article\" \/>\n<meta property=\"og:title\" content=\"Nuestros Clientes 06\" \/>\n<meta property=\"og:description\" content=\"Castell Miquel Creamos con Castell Miquel sus im\u00e1genes de producto para su tienda online.\" \/>\n<meta property=\"og:url\" content=\"https:\/\/visualecommerce.es\/en\/nuestros-clientes-06\/\" \/>\n<meta property=\"og:site_name\" content=\"Fotograf\u00eda de Producto Madrid\" \/>\n<meta property=\"article:publisher\" content=\"https:\/\/www.facebook.com\/VisualEcommerceFotografia\" \/>\n<meta property=\"article:modified_time\" content=\"2023-06-13T07:15:21+00:00\" \/>\n<meta property=\"og:image\" content=\"https:\/\/visualecommerce.es\/wp-content\/uploads\/2023\/06\/CatellMiquel01.jpeg\" \/>\n<meta name=\"twitter:card\" content=\"summary_large_image\" \/>\n<script type=\"application\/ld+json\" class=\"yoast-schema-graph\">{\"@context\":\"https:\/\/schema.org\",\"@graph\":[{\"@type\":\"WebPage\",\"@id\":\"https:\/\/visualecommerce.es\/nuestros-clientes-06\/\",\"url\":\"https:\/\/visualecommerce.es\/nuestros-clientes-06\/\",\"name\":\"Nuestros Clientes 06 - Fotograf\u00eda de Producto Madrid\",\"isPartOf\":{\"@id\":\"https:\/\/visualecommerce.es\/#website\"},\"primaryImageOfPage\":{\"@id\":\"https:\/\/visualecommerce.es\/nuestros-clientes-06\/#primaryimage\"},\"image\":{\"@id\":\"https:\/\/visualecommerce.es\/nuestros-clientes-06\/#primaryimage\"},\"thumbnailUrl\":\"https:\/\/visualecommerce.es\/wp-content\/uploads\/2023\/06\/CatellMiquel01.jpeg\",\"datePublished\":\"2023-06-05T12:08:46+00:00\",\"dateModified\":\"2023-06-13T07:15:21+00:00\",\"breadcrumb\":{\"@id\":\"https:\/\/visualecommerce.es\/nuestros-clientes-06\/#breadcrumb\"},\"inLanguage\":\"en-GB\",\"potentialAction\":[{\"@type\":\"ReadAction\",\"target\":[\"https:\/\/visualecommerce.es\/nuestros-clientes-06\/\"]}]},{\"@type\":\"ImageObject\",\"inLanguage\":\"en-GB\",\"@id\":\"https:\/\/visualecommerce.es\/nuestros-clientes-06\/#primaryimage\",\"url\":\"https:\/\/visualecommerce.es\/wp-content\/uploads\/2023\/06\/CatellMiquel01.jpeg\",\"contentUrl\":\"https:\/\/visualecommerce.es\/wp-content\/uploads\/2023\/06\/CatellMiquel01.jpeg\"},{\"@type\":\"BreadcrumbList\",\"@id\":\"https:\/\/visualecommerce.es\/nuestros-clientes-06\/#breadcrumb\",\"itemListElement\":[{\"@type\":\"ListItem\",\"position\":1,\"name\":\"Home\",\"item\":\"https:\/\/visualecommerce.es\/\"},{\"@type\":\"ListItem\",\"position\":2,\"name\":\"Nuestros Clientes 06\"}]},{\"@type\":\"WebSite\",\"@id\":\"https:\/\/visualecommerce.es\/#website\",\"url\":\"https:\/\/visualecommerce.es\/\",\"name\":\"Fotograf\u00eda de Producto Madrid\",\"description\":\"Fotograf\u00eda y v\u00eddeo ecommerce\",\"publisher\":{\"@id\":\"https:\/\/visualecommerce.es\/#organization\"},\"alternateName\":\"Visual Ecommerce Fotografia\",\"potentialAction\":[{\"@type\":\"SearchAction\",\"target\":{\"@type\":\"EntryPoint\",\"urlTemplate\":\"https:\/\/visualecommerce.es\/?s={search_term_string}\"},\"query-input\":{\"@type\":\"PropertyValueSpecification\",\"valueRequired\":true,\"valueName\":\"search_term_string\"}}],\"inLanguage\":\"en-GB\"},{\"@type\":\"Organization\",\"@id\":\"https:\/\/visualecommerce.es\/#organization\",\"name\":\"Visual Ecommerce Fotograf\u00eda SL\",\"alternateName\":\"Visual Ecommerce\",\"url\":\"https:\/\/visualecommerce.es\/\",\"logo\":{\"@type\":\"ImageObject\",\"inLanguage\":\"en-GB\",\"@id\":\"https:\/\/visualecommerce.es\/#\/schema\/logo\/image\/\",\"url\":\"https:\/\/visualecommerce.es\/wp-content\/uploads\/2023\/05\/VisualEcommerce_Logotipo-1.png\",\"contentUrl\":\"https:\/\/visualecommerce.es\/wp-content\/uploads\/2023\/05\/VisualEcommerce_Logotipo-1.png\",\"width\":350,\"height\":100,\"caption\":\"Visual Ecommerce Fotograf\u00eda SL\"},\"image\":{\"@id\":\"https:\/\/visualecommerce.es\/#\/schema\/logo\/image\/\"},\"sameAs\":[\"https:\/\/www.facebook.com\/VisualEcommerceFotografia\",\"https:\/\/www.instagram.com\/visual_ecommerce\/\",\"https:\/\/www.youtube.com\/@VisualEcommerceFotografi-zo9km\",\"https:\/\/www.linkedin.com\/company\/visual-ecommerce-spain\"],\"description\":\"Estudio de fotograf\u00eda y v\u00eddeo para tiendas online.\",\"email\":\"info@visualecommerce.es\",\"telephone\":\"+34 667290107\",\"legalName\":\"Visual Ecommerce Fotograf\u00eda SL\",\"foundingDate\":\"2014-01-01\",\"numberOfEmployees\":{\"@type\":\"QuantitativeValue\",\"minValue\":\"1\",\"maxValue\":\"10\"}}]}<\/script>\n<!-- \/ Yoast SEO Premium plugin. -->","yoast_head_json":{"title":"Nuestros Clientes 06 - Fotograf\u00eda de Producto Madrid","robots":{"index":"index","follow":"follow","max-snippet":"max-snippet:-1","max-image-preview":"max-image-preview:large","max-video-preview":"max-video-preview:-1"},"canonical":"https:\/\/visualecommerce.es\/en\/nuestros-clientes-06\/","og_locale":"en_GB","og_type":"article","og_title":"Nuestros Clientes 06","og_description":"Castell Miquel Creamos con Castell Miquel sus im\u00e1genes de producto para su tienda online.","og_url":"https:\/\/visualecommerce.es\/en\/nuestros-clientes-06\/","og_site_name":"Fotograf\u00eda de Producto Madrid","article_publisher":"https:\/\/www.facebook.com\/VisualEcommerceFotografia","article_modified_time":"2023-06-13T07:15:21+00:00","og_image":[{"url":"https:\/\/visualecommerce.es\/wp-content\/uploads\/2023\/06\/CatellMiquel01.jpeg"}],"twitter_card":"summary_large_image","schema":{"@context":"https:\/\/schema.org","@graph":[{"@type":"WebPage","@id":"https:\/\/visualecommerce.es\/nuestros-clientes-06\/","url":"https:\/\/visualecommerce.es\/nuestros-clientes-06\/","name":"Nuestros Clientes 06 - Fotograf\u00eda de Producto Madrid","isPartOf":{"@id":"https:\/\/visualecommerce.es\/#website"},"primaryImageOfPage":{"@id":"https:\/\/visualecommerce.es\/nuestros-clientes-06\/#primaryimage"},"image":{"@id":"https:\/\/visualecommerce.es\/nuestros-clientes-06\/#primaryimage"},"thumbnailUrl":"https:\/\/visualecommerce.es\/wp-content\/uploads\/2023\/06\/CatellMiquel01.jpeg","datePublished":"2023-06-05T12:08:46+00:00","dateModified":"2023-06-13T07:15:21+00:00","breadcrumb":{"@id":"https:\/\/visualecommerce.es\/nuestros-clientes-06\/#breadcrumb"},"inLanguage":"en-GB","potentialAction":[{"@type":"ReadAction","target":["https:\/\/visualecommerce.es\/nuestros-clientes-06\/"]}]},{"@type":"ImageObject","inLanguage":"en-GB","@id":"https:\/\/visualecommerce.es\/nuestros-clientes-06\/#primaryimage","url":"https:\/\/visualecommerce.es\/wp-content\/uploads\/2023\/06\/CatellMiquel01.jpeg","contentUrl":"https:\/\/visualecommerce.es\/wp-content\/uploads\/2023\/06\/CatellMiquel01.jpeg"},{"@type":"BreadcrumbList","@id":"https:\/\/visualecommerce.es\/nuestros-clientes-06\/#breadcrumb","itemListElement":[{"@type":"ListItem","position":1,"name":"Home","item":"https:\/\/visualecommerce.es\/"},{"@type":"ListItem","position":2,"name":"Nuestros Clientes 06"}]},{"@type":"WebSite","@id":"https:\/\/visualecommerce.es\/#website","url":"https:\/\/visualecommerce.es\/","name":"Fotograf\u00eda de Producto Madrid","description":"Fotograf\u00eda y v\u00eddeo ecommerce","publisher":{"@id":"https:\/\/visualecommerce.es\/#organization"},"alternateName":"Visual Ecommerce Fotografia","potentialAction":[{"@type":"SearchAction","target":{"@type":"EntryPoint","urlTemplate":"https:\/\/visualecommerce.es\/?s={search_term_string}"},"query-input":{"@type":"PropertyValueSpecification","valueRequired":true,"valueName":"search_term_string"}}],"inLanguage":"en-GB"},{"@type":"Organization","@id":"https:\/\/visualecommerce.es\/#organization","name":"Visual Ecommerce Fotograf\u00eda SL","alternateName":"Visual Ecommerce","url":"https:\/\/visualecommerce.es\/","logo":{"@type":"ImageObject","inLanguage":"en-GB","@id":"https:\/\/visualecommerce.es\/#\/schema\/logo\/image\/","url":"https:\/\/visualecommerce.es\/wp-content\/uploads\/2023\/05\/VisualEcommerce_Logotipo-1.png","contentUrl":"https:\/\/visualecommerce.es\/wp-content\/uploads\/2023\/05\/VisualEcommerce_Logotipo-1.png","width":350,"height":100,"caption":"Visual Ecommerce Fotograf\u00eda SL"},"image":{"@id":"https:\/\/visualecommerce.es\/#\/schema\/logo\/image\/"},"sameAs":["https:\/\/www.facebook.com\/VisualEcommerceFotografia","https:\/\/www.instagram.com\/visual_ecommerce\/","https:\/\/www.youtube.com\/@VisualEcommerceFotografi-zo9km","https:\/\/www.linkedin.com\/company\/visual-ecommerce-spain"],"description":"Estudio de fotograf\u00eda y v\u00eddeo para tiendas online.","email":"info@visualecommerce.es","telephone":"+34 667290107","legalName":"Visual Ecommerce Fotograf\u00eda SL","foundingDate":"2014-01-01","numberOfEmployees":{"@type":"QuantitativeValue","minValue":"1","maxValue":"10"}}]}},"_links":{"self":[{"href":"https:\/\/visualecommerce.es\/en\/wp-json\/wp\/v2\/pages\/1372","targetHints":{"allow":["GET"]}}],"collection":[{"href":"https:\/\/visualecommerce.es\/en\/wp-json\/wp\/v2\/pages"}],"about":[{"href":"https:\/\/visualecommerce.es\/en\/wp-json\/wp\/v2\/types\/page"}],"author":[{"embeddable":true,"href":"https:\/\/visualecommerce.es\/en\/wp-json\/wp\/v2\/users\/1"}],"replies":[{"embeddable":true,"href":"https:\/\/visualecommerce.es\/en\/wp-json\/wp\/v2\/comments?post=1372"}],"version-history":[{"count":20,"href":"https:\/\/visualecommerce.es\/en\/wp-json\/wp\/v2\/pages\/1372\/revisions"}],"predecessor-version":[{"id":3035,"href":"https:\/\/visualecommerce.es\/en\/wp-json\/wp\/v2\/pages\/1372\/revisions\/3035"}],"wp:attachment":[{"href":"https:\/\/visualecommerce.es\/en\/wp-json\/wp\/v2\/media?parent=1372"}],"curies":[{"name":"wp","href":"https:\/\/api.w.org\/{rel}","templated":true}]}}