{"id":2022,"date":"2023-06-06T14:42:21","date_gmt":"2023-06-06T14:42:21","guid":{"rendered":"https:\/\/visualecommerce.es\/?page_id=2022"},"modified":"2023-06-09T13:58:56","modified_gmt":"2023-06-09T13:58:56","slug":"amazon-cliente-03","status":"publish","type":"page","link":"https:\/\/visualecommerce.es\/en\/amazon-cliente-03\/","title":{"rendered":"Amazon Cliente 03"},"content":{"rendered":"<div data-elementor-type=\"wp-page\" data-elementor-id=\"2022\" class=\"elementor elementor-2022\" data-elementor-settings=\"{&quot;element_pack_global_tooltip_width&quot;:{&quot;unit&quot;:&quot;px&quot;,&quot;size&quot;:&quot;&quot;,&quot;sizes&quot;:[]},&quot;element_pack_global_tooltip_width_tablet&quot;:{&quot;unit&quot;:&quot;px&quot;,&quot;size&quot;:&quot;&quot;,&quot;sizes&quot;:[]},&quot;element_pack_global_tooltip_width_mobile&quot;:{&quot;unit&quot;:&quot;px&quot;,&quot;size&quot;:&quot;&quot;,&quot;sizes&quot;:[]},&quot;element_pack_global_tooltip_padding&quot;:{&quot;unit&quot;:&quot;px&quot;,&quot;top&quot;:&quot;&quot;,&quot;right&quot;:&quot;&quot;,&quot;bottom&quot;:&quot;&quot;,&quot;left&quot;:&quot;&quot;,&quot;isLinked&quot;:true},&quot;element_pack_global_tooltip_padding_tablet&quot;:{&quot;unit&quot;:&quot;px&quot;,&quot;top&quot;:&quot;&quot;,&quot;right&quot;:&quot;&quot;,&quot;bottom&quot;:&quot;&quot;,&quot;left&quot;:&quot;&quot;,&quot;isLinked&quot;:true},&quot;element_pack_global_tooltip_padding_mobile&quot;:{&quot;unit&quot;:&quot;px&quot;,&quot;top&quot;:&quot;&quot;,&quot;right&quot;:&quot;&quot;,&quot;bottom&quot;:&quot;&quot;,&quot;left&quot;:&quot;&quot;,&quot;isLinked&quot;:true},&quot;element_pack_global_tooltip_border_radius&quot;:{&quot;unit&quot;:&quot;px&quot;,&quot;top&quot;:&quot;&quot;,&quot;right&quot;:&quot;&quot;,&quot;bottom&quot;:&quot;&quot;,&quot;left&quot;:&quot;&quot;,&quot;isLinked&quot;:true},&quot;element_pack_global_tooltip_border_radius_tablet&quot;:{&quot;unit&quot;:&quot;px&quot;,&quot;top&quot;:&quot;&quot;,&quot;right&quot;:&quot;&quot;,&quot;bottom&quot;:&quot;&quot;,&quot;left&quot;:&quot;&quot;,&quot;isLinked&quot;:true},&quot;element_pack_global_tooltip_border_radius_mobile&quot;:{&quot;unit&quot;:&quot;px&quot;,&quot;top&quot;:&quot;&quot;,&quot;right&quot;:&quot;&quot;,&quot;bottom&quot;:&quot;&quot;,&quot;left&quot;:&quot;&quot;,&quot;isLinked&quot;:true}}\" data-elementor-post-type=\"page\">\n\t\t\t\t\t\t<section class=\"elementor-section elementor-top-section elementor-element elementor-element-53de3ad0 elementor-section-boxed elementor-section-height-default elementor-section-height-default\" data-id=\"53de3ad0\" data-element_type=\"section\">\n\t\t\t\t\t\t<div class=\"elementor-container elementor-column-gap-no\">\n\t\t\t\t\t<div class=\"elementor-column elementor-col-100 elementor-top-column elementor-element elementor-element-1323d4b4\" data-id=\"1323d4b4\" data-element_type=\"column\">\n\t\t\t<div class=\"elementor-widget-wrap elementor-element-populated\">\n\t\t\t\t\t\t<div class=\"elementor-element elementor-element-5dbacffd elementor-widget elementor-widget-heading\" data-id=\"5dbacffd\" data-element_type=\"widget\" data-widget_type=\"heading.default\">\n\t\t\t\t<div class=\"elementor-widget-container\">\n\t\t\t<h1 class=\"elementor-heading-title elementor-size-default\">Auriculares Nuvia<\/h1>\t\t<\/div>\n\t\t\t\t<\/div>\n\t\t\t\t<div class=\"elementor-element elementor-element-2cf79f6 elementor-widget elementor-widget-text-editor\" data-id=\"2cf79f6\" data-element_type=\"widget\" data-widget_type=\"text-editor.default\">\n\t\t\t\t<div class=\"elementor-widget-container\">\n\t\t\t\t\t\t\t<p>Fotograf\u00edas de producto e integraciones en im\u00e1genes de Banco de im\u00e1genes con grafismo b\u00e1sico.<\/p>\t\t\t\t\t\t<\/div>\n\t\t\t\t<\/div>\n\t\t\t\t\t<\/div>\n\t\t<\/div>\n\t\t\t\t\t<\/div>\n\t\t<\/section>\n\t\t<div class=\"elementor-element elementor-element-7458cf6 e-flex e-con-boxed e-con e-parent\" data-id=\"7458cf6\" data-element_type=\"container\">\n\t\t\t\t\t<div class=\"e-con-inner\">\n\t\t\t\t<div class=\"elementor-element elementor-element-84d003f elementor-widget elementor-widget-spacer\" data-id=\"84d003f\" data-element_type=\"widget\" data-widget_type=\"spacer.default\">\n\t\t\t\t<div class=\"elementor-widget-container\">\n\t\t\t\t\t<div class=\"elementor-spacer\">\n\t\t\t<div class=\"elementor-spacer-inner\"><\/div>\n\t\t<\/div>\n\t\t\t\t<\/div>\n\t\t\t\t<\/div>\n\t\t\t\t\t<\/div>\n\t\t\t\t<\/div>\n\t\t<div class=\"elementor-element elementor-element-8302952 e-flex e-con-boxed e-con e-parent\" data-id=\"8302952\" data-element_type=\"container\">\n\t\t\t\t\t<div class=\"e-con-inner\">\n\t\t\t\t<div class=\"elementor-element elementor-element-9078737 elementor-widget elementor-widget-image\" data-id=\"9078737\" data-element_type=\"widget\" data-widget_type=\"image.default\">\n\t\t\t\t<div class=\"elementor-widget-container\">\n\t\t\t\t\t\t\t\t\t\t\t\t\t<img decoding=\"async\" src=\"https:\/\/visualecommerce.es\/wp-content\/uploads\/2023\/06\/auriculares-1.jpg\" title=\"Visual Ecommerce &#8211; Fotograf\u00eda para Amaz\u00f3n\" alt=\"Visual Ecommerce - Fotograf\u00eda para Amaz\u00f3n\" loading=\"lazy\" \/>\t\t\t\t\t\t\t\t\t\t\t\t\t<\/div>\n\t\t\t\t<\/div>\n\t\t\t\t<div class=\"elementor-element elementor-element-519a55a elementor-widget elementor-widget-image\" data-id=\"519a55a\" data-element_type=\"widget\" data-widget_type=\"image.default\">\n\t\t\t\t<div class=\"elementor-widget-container\">\n\t\t\t\t\t\t\t\t\t\t\t\t\t<img decoding=\"async\" src=\"https:\/\/visualecommerce.es\/wp-content\/uploads\/2023\/06\/auriculares-2.jpg\" title=\"Visual Ecommerce &#8211; Fotograf\u00eda para Amaz\u00f3n\" alt=\"Visual Ecommerce - Fotograf\u00eda para Amaz\u00f3n\" loading=\"lazy\" \/>\t\t\t\t\t\t\t\t\t\t\t\t\t<\/div>\n\t\t\t\t<\/div>\n\t\t\t\t<div class=\"elementor-element elementor-element-4e288ec elementor-widget elementor-widget-image\" data-id=\"4e288ec\" data-element_type=\"widget\" data-widget_type=\"image.default\">\n\t\t\t\t<div class=\"elementor-widget-container\">\n\t\t\t\t\t\t\t\t\t\t\t\t\t<img decoding=\"async\" src=\"https:\/\/visualecommerce.es\/wp-content\/uploads\/2023\/06\/INT7.jpg\" title=\"Visual Ecommerce &#8211; Fotograf\u00eda para Amaz\u00f3n\" alt=\"Visual Ecommerce - Fotograf\u00eda para Amaz\u00f3n\" loading=\"lazy\" \/>\t\t\t\t\t\t\t\t\t\t\t\t\t<\/div>\n\t\t\t\t<\/div>\n\t\t\t\t<div class=\"elementor-element elementor-element-95dbcc3 elementor-widget elementor-widget-image\" data-id=\"95dbcc3\" data-element_type=\"widget\" data-widget_type=\"image.default\">\n\t\t\t\t<div class=\"elementor-widget-container\">\n\t\t\t\t\t\t\t\t\t\t\t\t\t<img decoding=\"async\" src=\"https:\/\/visualecommerce.es\/wp-content\/uploads\/2023\/06\/INT9.jpg\" title=\"Visual Ecommerce &#8211; Fotograf\u00eda para Amaz\u00f3n\" alt=\"Visual Ecommerce - Fotograf\u00eda para Amaz\u00f3n\" loading=\"lazy\" \/>\t\t\t\t\t\t\t\t\t\t\t\t\t<\/div>\n\t\t\t\t<\/div>\n\t\t\t\t<div class=\"elementor-element elementor-element-22f23ef elementor-widget elementor-widget-image\" data-id=\"22f23ef\" data-element_type=\"widget\" data-widget_type=\"image.default\">\n\t\t\t\t<div class=\"elementor-widget-container\">\n\t\t\t\t\t\t\t\t\t\t\t\t\t<img decoding=\"async\" src=\"https:\/\/visualecommerce.es\/wp-content\/uploads\/2023\/06\/INT5.jpg\" title=\"Visual Ecommerce &#8211; Fotograf\u00eda para Amaz\u00f3n\" alt=\"Visual Ecommerce - Fotograf\u00eda para Amaz\u00f3n\" loading=\"lazy\" \/>\t\t\t\t\t\t\t\t\t\t\t\t\t<\/div>\n\t\t\t\t<\/div>\n\t\t\t\t<div class=\"elementor-element elementor-element-5113fb0 elementor-widget elementor-widget-image\" data-id=\"5113fb0\" data-element_type=\"widget\" data-widget_type=\"image.default\">\n\t\t\t\t<div class=\"elementor-widget-container\">\n\t\t\t\t\t\t\t\t\t\t\t\t\t<img decoding=\"async\" src=\"https:\/\/visualecommerce.es\/wp-content\/uploads\/2023\/06\/INT4.jpg\" title=\"Visual Ecommerce &#8211; Fotograf\u00eda para Amaz\u00f3n\" alt=\"Visual Ecommerce - Fotograf\u00eda para Amaz\u00f3n\" loading=\"lazy\" \/>\t\t\t\t\t\t\t\t\t\t\t\t\t<\/div>\n\t\t\t\t<\/div>\n\t\t\t\t<div class=\"elementor-element elementor-element-9b44dcf elementor-widget elementor-widget-image\" data-id=\"9b44dcf\" data-element_type=\"widget\" data-widget_type=\"image.default\">\n\t\t\t\t<div class=\"elementor-widget-container\">\n\t\t\t\t\t\t\t\t\t\t\t\t\t<img decoding=\"async\" src=\"https:\/\/visualecommerce.es\/wp-content\/uploads\/2023\/06\/INT6.jpg\" title=\"Visual Ecommerce &#8211; Fotograf\u00eda para Amaz\u00f3n\" alt=\"Visual Ecommerce - Fotograf\u00eda para Amaz\u00f3n\" loading=\"lazy\" \/>\t\t\t\t\t\t\t\t\t\t\t\t\t<\/div>\n\t\t\t\t<\/div>\n\t\t\t\t<div class=\"elementor-element elementor-element-0375b95 elementor-widget elementor-widget-image\" data-id=\"0375b95\" data-element_type=\"widget\" data-widget_type=\"image.default\">\n\t\t\t\t<div class=\"elementor-widget-container\">\n\t\t\t\t\t\t\t\t\t\t\t\t\t<img decoding=\"async\" src=\"https:\/\/visualecommerce.es\/wp-content\/uploads\/2023\/06\/INT1.jpg\" title=\"Visual Ecommerce &#8211; Fotograf\u00eda para Amaz\u00f3n\" alt=\"Visual Ecommerce - Fotograf\u00eda para Amaz\u00f3n\" loading=\"lazy\" \/>\t\t\t\t\t\t\t\t\t\t\t\t\t<\/div>\n\t\t\t\t<\/div>\n\t\t\t\t<div class=\"elementor-element elementor-element-bc72cc2 elementor-widget elementor-widget-image\" data-id=\"bc72cc2\" data-element_type=\"widget\" data-widget_type=\"image.default\">\n\t\t\t\t<div class=\"elementor-widget-container\">\n\t\t\t\t\t\t\t\t\t\t\t\t\t<img decoding=\"async\" src=\"https:\/\/visualecommerce.es\/wp-content\/uploads\/2023\/06\/INT3.jpg\" title=\"Visual Ecommerce &#8211; Fotograf\u00eda para Amaz\u00f3n\" alt=\"Visual Ecommerce - Fotograf\u00eda para Amaz\u00f3n\" loading=\"lazy\" \/>\t\t\t\t\t\t\t\t\t\t\t\t\t<\/div>\n\t\t\t\t<\/div>\n\t\t\t\t\t<\/div>\n\t\t\t\t<\/div>\n\t\t\t\t<\/div>","protected":false},"excerpt":{"rendered":"<p>Auriculares Nuvia Fotograf\u00edas de producto e integraciones en im\u00e1genes de Banco de im\u00e1genes con grafismo b\u00e1sico.<\/p>","protected":false},"author":1,"featured_media":0,"parent":0,"menu_order":0,"comment_status":"closed","ping_status":"closed","template":"elementor_header_footer","meta":{"_joinchat":[],"footnotes":""},"class_list":["post-2022","page","type-page","status-publish","hentry"],"yoast_head":"<!-- This site is optimized with the Yoast SEO Premium plugin v23.9 (Yoast SEO v23.9) - https:\/\/yoast.com\/wordpress\/plugins\/seo\/ -->\n<title>Amazon Cliente 03 - Fotograf\u00eda de Producto Madrid<\/title>\n<meta name=\"robots\" content=\"index, follow, max-snippet:-1, max-image-preview:large, max-video-preview:-1\" \/>\n<link rel=\"canonical\" href=\"https:\/\/visualecommerce.es\/en\/amazon-cliente-03\/\" \/>\n<meta property=\"og:locale\" content=\"en_GB\" \/>\n<meta property=\"og:type\" content=\"article\" \/>\n<meta property=\"og:title\" content=\"Amazon Cliente 03\" \/>\n<meta property=\"og:description\" content=\"Auriculares Nuvia Fotograf\u00edas de producto e integraciones en im\u00e1genes de Banco de im\u00e1genes con grafismo b\u00e1sico.\" \/>\n<meta property=\"og:url\" content=\"https:\/\/visualecommerce.es\/en\/amazon-cliente-03\/\" \/>\n<meta property=\"og:site_name\" content=\"Fotograf\u00eda de Producto Madrid\" \/>\n<meta property=\"article:publisher\" content=\"https:\/\/www.facebook.com\/VisualEcommerceFotografia\" \/>\n<meta property=\"article:modified_time\" content=\"2023-06-09T13:58:56+00:00\" \/>\n<meta property=\"og:image\" content=\"https:\/\/visualecommerce.es\/wp-content\/uploads\/2023\/06\/auriculares-1.jpg\" \/>\n<meta name=\"twitter:card\" content=\"summary_large_image\" \/>\n<script type=\"application\/ld+json\" class=\"yoast-schema-graph\">{\"@context\":\"https:\/\/schema.org\",\"@graph\":[{\"@type\":\"WebPage\",\"@id\":\"https:\/\/visualecommerce.es\/amazon-cliente-03\/\",\"url\":\"https:\/\/visualecommerce.es\/amazon-cliente-03\/\",\"name\":\"Amazon Cliente 03 - Fotograf\u00eda de Producto Madrid\",\"isPartOf\":{\"@id\":\"https:\/\/visualecommerce.es\/#website\"},\"primaryImageOfPage\":{\"@id\":\"https:\/\/visualecommerce.es\/amazon-cliente-03\/#primaryimage\"},\"image\":{\"@id\":\"https:\/\/visualecommerce.es\/amazon-cliente-03\/#primaryimage\"},\"thumbnailUrl\":\"https:\/\/visualecommerce.es\/wp-content\/uploads\/2023\/06\/auriculares-1.jpg\",\"datePublished\":\"2023-06-06T14:42:21+00:00\",\"dateModified\":\"2023-06-09T13:58:56+00:00\",\"breadcrumb\":{\"@id\":\"https:\/\/visualecommerce.es\/amazon-cliente-03\/#breadcrumb\"},\"inLanguage\":\"en-GB\",\"potentialAction\":[{\"@type\":\"ReadAction\",\"target\":[\"https:\/\/visualecommerce.es\/amazon-cliente-03\/\"]}]},{\"@type\":\"ImageObject\",\"inLanguage\":\"en-GB\",\"@id\":\"https:\/\/visualecommerce.es\/amazon-cliente-03\/#primaryimage\",\"url\":\"https:\/\/visualecommerce.es\/wp-content\/uploads\/2023\/06\/auriculares-1.jpg\",\"contentUrl\":\"https:\/\/visualecommerce.es\/wp-content\/uploads\/2023\/06\/auriculares-1.jpg\"},{\"@type\":\"BreadcrumbList\",\"@id\":\"https:\/\/visualecommerce.es\/amazon-cliente-03\/#breadcrumb\",\"itemListElement\":[{\"@type\":\"ListItem\",\"position\":1,\"name\":\"Home\",\"item\":\"https:\/\/visualecommerce.es\/\"},{\"@type\":\"ListItem\",\"position\":2,\"name\":\"Amazon Cliente 03\"}]},{\"@type\":\"WebSite\",\"@id\":\"https:\/\/visualecommerce.es\/#website\",\"url\":\"https:\/\/visualecommerce.es\/\",\"name\":\"Fotograf\u00eda de Producto Madrid\",\"description\":\"Fotograf\u00eda y v\u00eddeo ecommerce\",\"publisher\":{\"@id\":\"https:\/\/visualecommerce.es\/#organization\"},\"alternateName\":\"Visual Ecommerce Fotografia\",\"potentialAction\":[{\"@type\":\"SearchAction\",\"target\":{\"@type\":\"EntryPoint\",\"urlTemplate\":\"https:\/\/visualecommerce.es\/?s={search_term_string}\"},\"query-input\":{\"@type\":\"PropertyValueSpecification\",\"valueRequired\":true,\"valueName\":\"search_term_string\"}}],\"inLanguage\":\"en-GB\"},{\"@type\":\"Organization\",\"@id\":\"https:\/\/visualecommerce.es\/#organization\",\"name\":\"Visual Ecommerce Fotograf\u00eda SL\",\"alternateName\":\"Visual Ecommerce\",\"url\":\"https:\/\/visualecommerce.es\/\",\"logo\":{\"@type\":\"ImageObject\",\"inLanguage\":\"en-GB\",\"@id\":\"https:\/\/visualecommerce.es\/#\/schema\/logo\/image\/\",\"url\":\"https:\/\/visualecommerce.es\/wp-content\/uploads\/2023\/05\/VisualEcommerce_Logotipo-1.png\",\"contentUrl\":\"https:\/\/visualecommerce.es\/wp-content\/uploads\/2023\/05\/VisualEcommerce_Logotipo-1.png\",\"width\":350,\"height\":100,\"caption\":\"Visual Ecommerce Fotograf\u00eda SL\"},\"image\":{\"@id\":\"https:\/\/visualecommerce.es\/#\/schema\/logo\/image\/\"},\"sameAs\":[\"https:\/\/www.facebook.com\/VisualEcommerceFotografia\",\"https:\/\/www.instagram.com\/visual_ecommerce\/\",\"https:\/\/www.youtube.com\/@VisualEcommerceFotografi-zo9km\",\"https:\/\/www.linkedin.com\/company\/visual-ecommerce-spain\"],\"description\":\"Estudio de fotograf\u00eda y v\u00eddeo para tiendas online.\",\"email\":\"info@visualecommerce.es\",\"telephone\":\"+34 667290107\",\"legalName\":\"Visual Ecommerce Fotograf\u00eda SL\",\"foundingDate\":\"2014-01-01\",\"numberOfEmployees\":{\"@type\":\"QuantitativeValue\",\"minValue\":\"1\",\"maxValue\":\"10\"}}]}<\/script>\n<!-- \/ Yoast SEO Premium plugin. -->","yoast_head_json":{"title":"Amazon Cliente 03 - Fotograf\u00eda de Producto Madrid","robots":{"index":"index","follow":"follow","max-snippet":"max-snippet:-1","max-image-preview":"max-image-preview:large","max-video-preview":"max-video-preview:-1"},"canonical":"https:\/\/visualecommerce.es\/en\/amazon-cliente-03\/","og_locale":"en_GB","og_type":"article","og_title":"Amazon Cliente 03","og_description":"Auriculares Nuvia Fotograf\u00edas de producto e integraciones en im\u00e1genes de Banco de im\u00e1genes con grafismo b\u00e1sico.","og_url":"https:\/\/visualecommerce.es\/en\/amazon-cliente-03\/","og_site_name":"Fotograf\u00eda de Producto Madrid","article_publisher":"https:\/\/www.facebook.com\/VisualEcommerceFotografia","article_modified_time":"2023-06-09T13:58:56+00:00","og_image":[{"url":"https:\/\/visualecommerce.es\/wp-content\/uploads\/2023\/06\/auriculares-1.jpg"}],"twitter_card":"summary_large_image","schema":{"@context":"https:\/\/schema.org","@graph":[{"@type":"WebPage","@id":"https:\/\/visualecommerce.es\/amazon-cliente-03\/","url":"https:\/\/visualecommerce.es\/amazon-cliente-03\/","name":"Amazon Cliente 03 - Fotograf\u00eda de Producto Madrid","isPartOf":{"@id":"https:\/\/visualecommerce.es\/#website"},"primaryImageOfPage":{"@id":"https:\/\/visualecommerce.es\/amazon-cliente-03\/#primaryimage"},"image":{"@id":"https:\/\/visualecommerce.es\/amazon-cliente-03\/#primaryimage"},"thumbnailUrl":"https:\/\/visualecommerce.es\/wp-content\/uploads\/2023\/06\/auriculares-1.jpg","datePublished":"2023-06-06T14:42:21+00:00","dateModified":"2023-06-09T13:58:56+00:00","breadcrumb":{"@id":"https:\/\/visualecommerce.es\/amazon-cliente-03\/#breadcrumb"},"inLanguage":"en-GB","potentialAction":[{"@type":"ReadAction","target":["https:\/\/visualecommerce.es\/amazon-cliente-03\/"]}]},{"@type":"ImageObject","inLanguage":"en-GB","@id":"https:\/\/visualecommerce.es\/amazon-cliente-03\/#primaryimage","url":"https:\/\/visualecommerce.es\/wp-content\/uploads\/2023\/06\/auriculares-1.jpg","contentUrl":"https:\/\/visualecommerce.es\/wp-content\/uploads\/2023\/06\/auriculares-1.jpg"},{"@type":"BreadcrumbList","@id":"https:\/\/visualecommerce.es\/amazon-cliente-03\/#breadcrumb","itemListElement":[{"@type":"ListItem","position":1,"name":"Home","item":"https:\/\/visualecommerce.es\/"},{"@type":"ListItem","position":2,"name":"Amazon Cliente 03"}]},{"@type":"WebSite","@id":"https:\/\/visualecommerce.es\/#website","url":"https:\/\/visualecommerce.es\/","name":"Fotograf\u00eda de Producto Madrid","description":"Fotograf\u00eda y v\u00eddeo ecommerce","publisher":{"@id":"https:\/\/visualecommerce.es\/#organization"},"alternateName":"Visual Ecommerce Fotografia","potentialAction":[{"@type":"SearchAction","target":{"@type":"EntryPoint","urlTemplate":"https:\/\/visualecommerce.es\/?s={search_term_string}"},"query-input":{"@type":"PropertyValueSpecification","valueRequired":true,"valueName":"search_term_string"}}],"inLanguage":"en-GB"},{"@type":"Organization","@id":"https:\/\/visualecommerce.es\/#organization","name":"Visual Ecommerce Fotograf\u00eda SL","alternateName":"Visual Ecommerce","url":"https:\/\/visualecommerce.es\/","logo":{"@type":"ImageObject","inLanguage":"en-GB","@id":"https:\/\/visualecommerce.es\/#\/schema\/logo\/image\/","url":"https:\/\/visualecommerce.es\/wp-content\/uploads\/2023\/05\/VisualEcommerce_Logotipo-1.png","contentUrl":"https:\/\/visualecommerce.es\/wp-content\/uploads\/2023\/05\/VisualEcommerce_Logotipo-1.png","width":350,"height":100,"caption":"Visual Ecommerce Fotograf\u00eda SL"},"image":{"@id":"https:\/\/visualecommerce.es\/#\/schema\/logo\/image\/"},"sameAs":["https:\/\/www.facebook.com\/VisualEcommerceFotografia","https:\/\/www.instagram.com\/visual_ecommerce\/","https:\/\/www.youtube.com\/@VisualEcommerceFotografi-zo9km","https:\/\/www.linkedin.com\/company\/visual-ecommerce-spain"],"description":"Estudio de fotograf\u00eda y v\u00eddeo para tiendas online.","email":"info@visualecommerce.es","telephone":"+34 667290107","legalName":"Visual Ecommerce Fotograf\u00eda SL","foundingDate":"2014-01-01","numberOfEmployees":{"@type":"QuantitativeValue","minValue":"1","maxValue":"10"}}]}},"_links":{"self":[{"href":"https:\/\/visualecommerce.es\/en\/wp-json\/wp\/v2\/pages\/2022","targetHints":{"allow":["GET"]}}],"collection":[{"href":"https:\/\/visualecommerce.es\/en\/wp-json\/wp\/v2\/pages"}],"about":[{"href":"https:\/\/visualecommerce.es\/en\/wp-json\/wp\/v2\/types\/page"}],"author":[{"embeddable":true,"href":"https:\/\/visualecommerce.es\/en\/wp-json\/wp\/v2\/users\/1"}],"replies":[{"embeddable":true,"href":"https:\/\/visualecommerce.es\/en\/wp-json\/wp\/v2\/comments?post=2022"}],"version-history":[{"count":8,"href":"https:\/\/visualecommerce.es\/en\/wp-json\/wp\/v2\/pages\/2022\/revisions"}],"predecessor-version":[{"id":2841,"href":"https:\/\/visualecommerce.es\/en\/wp-json\/wp\/v2\/pages\/2022\/revisions\/2841"}],"wp:attachment":[{"href":"https:\/\/visualecommerce.es\/en\/wp-json\/wp\/v2\/media?parent=2022"}],"curies":[{"name":"wp","href":"https:\/\/api.w.org\/{rel}","templated":true}]}}