{"id":3444,"date":"2023-07-05T11:36:52","date_gmt":"2023-07-05T11:36:52","guid":{"rendered":"https:\/\/visualecommerce.es\/?page_id=3444"},"modified":"2023-07-17T22:37:32","modified_gmt":"2023-07-17T22:37:32","slug":"politica-de-privacidad","status":"publish","type":"page","link":"https:\/\/visualecommerce.es\/en\/politica-de-privacidad\/","title":{"rendered":"Privacy Policy"},"content":{"rendered":"<div data-elementor-type=\"wp-page\" data-elementor-id=\"3444\" class=\"elementor elementor-3444\" data-elementor-settings=\"{&quot;element_pack_global_tooltip_width&quot;:{&quot;unit&quot;:&quot;px&quot;,&quot;size&quot;:&quot;&quot;,&quot;sizes&quot;:[]},&quot;element_pack_global_tooltip_width_tablet&quot;:{&quot;unit&quot;:&quot;px&quot;,&quot;size&quot;:&quot;&quot;,&quot;sizes&quot;:[]},&quot;element_pack_global_tooltip_width_mobile&quot;:{&quot;unit&quot;:&quot;px&quot;,&quot;size&quot;:&quot;&quot;,&quot;sizes&quot;:[]},&quot;element_pack_global_tooltip_padding&quot;:{&quot;unit&quot;:&quot;px&quot;,&quot;top&quot;:&quot;&quot;,&quot;right&quot;:&quot;&quot;,&quot;bottom&quot;:&quot;&quot;,&quot;left&quot;:&quot;&quot;,&quot;isLinked&quot;:true},&quot;element_pack_global_tooltip_padding_tablet&quot;:{&quot;unit&quot;:&quot;px&quot;,&quot;top&quot;:&quot;&quot;,&quot;right&quot;:&quot;&quot;,&quot;bottom&quot;:&quot;&quot;,&quot;left&quot;:&quot;&quot;,&quot;isLinked&quot;:true},&quot;element_pack_global_tooltip_padding_mobile&quot;:{&quot;unit&quot;:&quot;px&quot;,&quot;top&quot;:&quot;&quot;,&quot;right&quot;:&quot;&quot;,&quot;bottom&quot;:&quot;&quot;,&quot;left&quot;:&quot;&quot;,&quot;isLinked&quot;:true},&quot;element_pack_global_tooltip_border_radius&quot;:{&quot;unit&quot;:&quot;px&quot;,&quot;top&quot;:&quot;&quot;,&quot;right&quot;:&quot;&quot;,&quot;bottom&quot;:&quot;&quot;,&quot;left&quot;:&quot;&quot;,&quot;isLinked&quot;:true},&quot;element_pack_global_tooltip_border_radius_tablet&quot;:{&quot;unit&quot;:&quot;px&quot;,&quot;top&quot;:&quot;&quot;,&quot;right&quot;:&quot;&quot;,&quot;bottom&quot;:&quot;&quot;,&quot;left&quot;:&quot;&quot;,&quot;isLinked&quot;:true},&quot;element_pack_global_tooltip_border_radius_mobile&quot;:{&quot;unit&quot;:&quot;px&quot;,&quot;top&quot;:&quot;&quot;,&quot;right&quot;:&quot;&quot;,&quot;bottom&quot;:&quot;&quot;,&quot;left&quot;:&quot;&quot;,&quot;isLinked&quot;:true}}\" data-elementor-post-type=\"page\">\n\t\t\t\t\t\t<section class=\"elementor-section elementor-top-section elementor-element elementor-element-53de3ad0 elementor-section-boxed elementor-section-height-default elementor-section-height-default\" data-id=\"53de3ad0\" data-element_type=\"section\">\n\t\t\t\t\t\t<div class=\"elementor-container elementor-column-gap-no\">\n\t\t\t\t\t<div class=\"elementor-column elementor-col-100 elementor-top-column elementor-element elementor-element-1323d4b4\" data-id=\"1323d4b4\" data-element_type=\"column\">\n\t\t\t<div class=\"elementor-widget-wrap elementor-element-populated\">\n\t\t\t\t\t\t<div class=\"elementor-element elementor-element-5dbacffd elementor-widget elementor-widget-heading\" data-id=\"5dbacffd\" data-element_type=\"widget\" data-widget_type=\"heading.default\">\n\t\t\t\t<div class=\"elementor-widget-container\">\n\t\t\t<h1 class=\"elementor-heading-title elementor-size-default\">Privacy Policy<\/h1>\t\t<\/div>\n\t\t\t\t<\/div>\n\t\t\t\t<div class=\"elementor-element elementor-element-2cf79f6 elementor-widget__width-initial elementor-widget elementor-widget-text-editor\" data-id=\"2cf79f6\" data-element_type=\"widget\" data-widget_type=\"text-editor.default\">\n\t\t\t\t<div class=\"elementor-widget-container\">\n\t\t\t\t\t\t\t<p>Last updated: January 2023.<\/p>\n<p><\/p>\n<p><strong>1.<\/strong>&nbsp;<strong>USER INFORMATION<\/strong><\/p>\n<p><\/p>\n<p><strong>Visual Ecommerce Fotograf\u00eda, S.L.<\/strong>, as Responsible for the Treatment, informs you that, according to the provisions of Regulation (EU) 2016\/679, of April 27, (RGPD) and in the L.O. 3\/2018, of December 5, data protection and guarantee of digital rights (LOPDGDD), we will treat your data as reflected in this Privacy Policy.<\/p>\n<p><\/p>\n<p>In this Privacy Policy we describe how we collect your personal data and why we collect it, what we do with it, with whom we share it, how we protect it, and your choices regarding the processing of your personal data.<\/p>\n<p><\/p>\n<p>This Policy applies to the processing of your personal data collected by the company for the provision of its services. If you accept the measures in this Policy, you agree that we treat your personal data as defined in this Policy.<\/p>\n<p><\/p>\n<p><strong>CONTACT<\/strong><\/p>\n<p><\/p>\n<p>Social denomination:&nbsp;<span style=\"font-weight: bolder; letter-spacing: -0.8px;\">Visual Ecommerce Fotograf\u00eda<\/span><strong>, S.L.<\/strong><br>Tradename:&nbsp;<span style=\"font-weight: bolder; letter-spacing: -0.8px;\">Visual Ecommerce Fotograf\u00eda<\/span><br>VAT Number:&nbsp;<strong>B 87827820<\/strong><br>Address:&nbsp;<strong>Calle Valent\u00edn Beato 24, planta 3\u00aa, local 7<\/strong><br>e-mail:&nbsp;<strong>info@visualecommerce.es<\/strong><\/p>\n<p><strong>3. KEY PRINCIPLES<\/strong><\/p>\n<p><\/p>\n<p>We have always been committed to providing our services with the highest degree of quality, which includes treating your data with security and transparency. Our principles are:<\/p>\n<p><\/p>\n<ul>\n<li><strong>Legality<\/strong>: We will only collect your Personal Data for specific purposes<a href=\"https:\/\/ceporros.com\/\">,<\/a>&nbsp;expl\u00edcitos y leg\u00edtimos.<\/li>\n<li><strong>Data minimization<\/strong>: We limit the collection of personal data to what is strictly relevant and necessary for the purposes for which it was collected.<\/li>\n<li><strong>Purpose Limitation<\/strong>: We will only collect your personal data for the stated purposes and only according to your wishes.<\/li>\n<li><strong>Precision<\/strong>:We will keep your personal data accurate and up to date.<\/li>\n<li><strong>Data Security<\/strong>: We apply appropriate technical and organizational measures proportional to the risks to ensure that your data is not damaged, such as unauthorized disclosure or access, accidental or unlawful destruction or accidental loss or alteration, and any other form of unlawful processing.<\/li>\n<li><strong>Access and Rectification<\/strong>: We have the means for you to access or rectify your data when you consider it appropriate.<\/li>\n<li><strong>Conservation<\/strong>: We retain your personal data lawfully and appropriately and only for as long as it is necessary for the purposes for which it was collected.<\/li>\n<li><strong>international transfers<\/strong>: when it is the case that your data is going to be transferred outside the EU\/EEA, they will be adequately protected.<\/li>\n<li><strong>Third parties<\/strong>: The access and transfer of personal data to third parties are carried out in accordance with the applicable laws and regulations and with the appropriate contractual guarantees.<\/li>\n<li><strong>Direct Marketing and Cookies<\/strong>: We comply with the applicable legislation regarding advertising and cookies.<\/li>\n<\/ul>\n<p><strong>4. COLLECTION AND PROCESSING OF YOUR PERSONAL DATA<\/strong><br>The types of data that can be requested and processed are:<\/p>\n<p><\/p>\n<ul>\n<li>Identification data.<\/li>\n<\/ul>\n<p>We also automatically collect data about your visit to our website as described in the cookie policy.<\/p>\n<p><\/p>\n<p>Whenever we request your Personal Data, we will clearly inform you of what personal data we collect and for what purpose. In general, we collect and process your personal data for the purpose of:<\/p>\n<p><\/p>\n<ul>\n<li>Provide information, services, products, relevant information and news in the sector.<\/li>\n<li>Sending communications.<\/li>\n<\/ul>\n<p><strong>5. LEGITIMACY<\/strong><\/p>\n<p><\/p>\n<p>In accordance with the applicable data protection regulations, your personal data may be processed provided that:<\/p>\n<p><\/p>\n<ul>\n<li>You have given us your consent for the purposes of processing. Of course you can withdraw your consent at any time.<\/li>\n<li>By legal requirement.<\/li>\n<li>Because there is a legitimate interest that is not undermined by your privacy rights, such as sending commercial information either by subscribing to our newsletter or by being a customer.<\/li>\n<li>Because it is necessary for the provision of any of our services through a contractual relationship between you and us.<\/li>\n<\/ul>\n<p><strong>6. COMMUNICATION OF PERSONAL DATA<\/strong><\/p>\n<p><\/p>\n<p>The data may be communicated to companies related to Visual Ecommerce Photography, S.L. for the provision of various services as Treatment Managers. The company will not make any assignment, except by legal obligation.&nbsp;<strong>Visual Ecommerce Fotograf\u00eda, S.L.<\/strong>&nbsp;.<\/p>\n<p><\/p>\n<p><strong>7. YOUR RIGHTS<\/strong><\/p>\n<p><\/p>\n<p>In relation to the collection and processing of your personal data, you can contact us at any time to:<\/p>\n<p><\/p>\n<ul>\n<li>Access your personal data and any other information indicated in Article 15.1 of the GDPR.&nbsp;<a href=\"https:\/\/uztai.com\/\" target=\"_blank\" rel=\"noopener\">info<\/a>.<\/li>\n<li>Rectify your personal data that is inaccurate or incomplete in accordance with Article 16 of the GDPR.<\/li>\n<li>Delete your personal data in accordance with Article 17 of the GDPR.<\/li>\n<li>Limit the processing of your personal data in accordance with Article 18 of the GDPR.<\/li>\n<li>Request the portability of your data in accordance with Article 20 of the&nbsp;<a href=\"https:\/\/presencialismo.com\/\" target=\"_blank\" rel=\"noopener\"><span>RGPD<\/span><\/a>.<\/li>\n<li>Oppose the processing of your personal data in accordance with article 21 of the GDPR.<\/li>\n<\/ul>\n<p>If you have given your consent for a specific purpose, you have the right to withdraw the consent granted at any time, without affecting the legality of the treatment based on the consent prior to its withdrawal.&nbsp;<a href=\"https:\/\/presencialismo.com\/\" target=\"_blank\" rel=\"noopener\"><span>rrhh<\/span><\/a>.<\/p>\n<p><\/p>\n<p>Puede ejercer estos derechos enviando comunicaci\u00f3n, motivada y acreditada, a info@visualecommerce.es<\/p>\n<p><\/p>\n<p>You also have the right to file a claim with the competent Control Authority (<a href=\"https:\/\/aepd.es\/\" target=\"_blank\" rel=\"noopener\">www.aepd.es<\/a>) if you consider that the treatment does not comply with current regulations.<\/p>\n<p><\/p>\n<p><strong>8. LEGAL INFORMATION<\/strong><br>The requirements of this Policy complement, and do not replace, any other existing requirements under the applicable data protection law, which will prevail in any case.<\/p>\n<p><\/p>\n<p>The requirements of this Policy complement, and do not replace, any other existing requirements under the applicable data protection law, which will prevail in any case.<\/p>\n<p><\/p>\t\t\t\t\t\t<\/div>\n\t\t\t\t<\/div>\n\t\t\t\t\t<\/div>\n\t\t<\/div>\n\t\t\t\t\t<\/div>\n\t\t<\/section>\n\t\t<div class=\"elementor-element elementor-element-7458cf6 e-flex e-con-boxed e-con e-parent\" data-id=\"7458cf6\" data-element_type=\"container\">\n\t\t\t\t\t<div class=\"e-con-inner\">\n\t\t\t\t<div class=\"elementor-element elementor-element-84d003f elementor-widget elementor-widget-spacer\" data-id=\"84d003f\" data-element_type=\"widget\" data-widget_type=\"spacer.default\">\n\t\t\t\t<div class=\"elementor-widget-container\">\n\t\t\t\t\t<div class=\"elementor-spacer\">\n\t\t\t<div class=\"elementor-spacer-inner\"><\/div>\n\t\t<\/div>\n\t\t\t\t<\/div>\n\t\t\t\t<\/div>\n\t\t\t\t\t<\/div>\n\t\t\t\t<\/div>\n\t\t\t\t<\/div>","protected":false},"excerpt":{"rendered":"<p>Pol\u00edtica de privacidad \u00daltima actualizaci\u00f3n: Enero 2023. 1.&nbsp;INFORMACI\u00d3N AL USUARIO Visual Ecommerce Fotograf\u00eda, S.L., como Responsable del Tratamiento, le informa que, seg\u00fan lo dispuesto en el Reglamento (UE) 2016\/679, de 27 de abril, (RGPD) y en la L.O. 3\/2018, de 5 de diciembre, de protecci\u00f3n de datos y garant\u00eda de los derechos digitales (LOPDGDD), trataremos [&hellip;]<\/p>","protected":false},"author":1,"featured_media":0,"parent":0,"menu_order":0,"comment_status":"closed","ping_status":"closed","template":"elementor_header_footer","meta":{"_joinchat":[],"footnotes":""},"class_list":["post-3444","page","type-page","status-publish","hentry"],"yoast_head":"<!-- This site is optimized with the Yoast SEO Premium plugin v23.9 (Yoast SEO v23.9) - https:\/\/yoast.com\/wordpress\/plugins\/seo\/ -->\n<title>Pol\u00edtica de Privacidad - Fotograf\u00eda de Producto Madrid<\/title>\n<meta name=\"robots\" content=\"index, follow, max-snippet:-1, max-image-preview:large, max-video-preview:-1\" \/>\n<link rel=\"canonical\" href=\"https:\/\/visualecommerce.es\/en\/politica-de-privacidad\/\" \/>\n<meta property=\"og:locale\" content=\"en_GB\" \/>\n<meta property=\"og:type\" content=\"article\" \/>\n<meta property=\"og:title\" content=\"Pol\u00edtica de Privacidad\" \/>\n<meta property=\"og:description\" content=\"Pol\u00edtica de privacidad \u00daltima actualizaci\u00f3n: Enero 2023. 1.&nbsp;INFORMACI\u00d3N AL USUARIO Visual Ecommerce Fotograf\u00eda, S.L., como Responsable del Tratamiento, le informa que, seg\u00fan lo dispuesto en el Reglamento (UE) 2016\/679, de 27 de abril, (RGPD) y en la L.O. 3\/2018, de 5 de diciembre, de protecci\u00f3n de datos y garant\u00eda de los derechos digitales (LOPDGDD), trataremos [&hellip;]\" \/>\n<meta property=\"og:url\" content=\"https:\/\/visualecommerce.es\/en\/politica-de-privacidad\/\" \/>\n<meta property=\"og:site_name\" content=\"Fotograf\u00eda de Producto Madrid\" \/>\n<meta property=\"article:publisher\" content=\"https:\/\/www.facebook.com\/VisualEcommerceFotografia\" \/>\n<meta property=\"article:modified_time\" content=\"2023-07-17T22:37:32+00:00\" \/>\n<meta name=\"twitter:card\" content=\"summary_large_image\" \/>\n<meta name=\"twitter:label1\" content=\"Estimated reading time\" \/>\n\t<meta name=\"twitter:data1\" content=\"5 minutes\" \/>\n<script type=\"application\/ld+json\" class=\"yoast-schema-graph\">{\"@context\":\"https:\/\/schema.org\",\"@graph\":[{\"@type\":\"WebPage\",\"@id\":\"https:\/\/visualecommerce.es\/politica-de-privacidad\/\",\"url\":\"https:\/\/visualecommerce.es\/politica-de-privacidad\/\",\"name\":\"Pol\u00edtica de Privacidad - Fotograf\u00eda de Producto Madrid\",\"isPartOf\":{\"@id\":\"https:\/\/visualecommerce.es\/#website\"},\"datePublished\":\"2023-07-05T11:36:52+00:00\",\"dateModified\":\"2023-07-17T22:37:32+00:00\",\"breadcrumb\":{\"@id\":\"https:\/\/visualecommerce.es\/politica-de-privacidad\/#breadcrumb\"},\"inLanguage\":\"en-GB\",\"potentialAction\":[{\"@type\":\"ReadAction\",\"target\":[\"https:\/\/visualecommerce.es\/politica-de-privacidad\/\"]}]},{\"@type\":\"BreadcrumbList\",\"@id\":\"https:\/\/visualecommerce.es\/politica-de-privacidad\/#breadcrumb\",\"itemListElement\":[{\"@type\":\"ListItem\",\"position\":1,\"name\":\"Home\",\"item\":\"https:\/\/visualecommerce.es\/\"},{\"@type\":\"ListItem\",\"position\":2,\"name\":\"Pol\u00edtica de Privacidad\"}]},{\"@type\":\"WebSite\",\"@id\":\"https:\/\/visualecommerce.es\/#website\",\"url\":\"https:\/\/visualecommerce.es\/\",\"name\":\"Fotograf\u00eda de Producto Madrid\",\"description\":\"Fotograf\u00eda y v\u00eddeo ecommerce\",\"publisher\":{\"@id\":\"https:\/\/visualecommerce.es\/#organization\"},\"alternateName\":\"Visual Ecommerce Fotografia\",\"potentialAction\":[{\"@type\":\"SearchAction\",\"target\":{\"@type\":\"EntryPoint\",\"urlTemplate\":\"https:\/\/visualecommerce.es\/?s={search_term_string}\"},\"query-input\":{\"@type\":\"PropertyValueSpecification\",\"valueRequired\":true,\"valueName\":\"search_term_string\"}}],\"inLanguage\":\"en-GB\"},{\"@type\":\"Organization\",\"@id\":\"https:\/\/visualecommerce.es\/#organization\",\"name\":\"Visual Ecommerce Fotograf\u00eda SL\",\"alternateName\":\"Visual Ecommerce\",\"url\":\"https:\/\/visualecommerce.es\/\",\"logo\":{\"@type\":\"ImageObject\",\"inLanguage\":\"en-GB\",\"@id\":\"https:\/\/visualecommerce.es\/#\/schema\/logo\/image\/\",\"url\":\"https:\/\/visualecommerce.es\/wp-content\/uploads\/2023\/05\/VisualEcommerce_Logotipo-1.png\",\"contentUrl\":\"https:\/\/visualecommerce.es\/wp-content\/uploads\/2023\/05\/VisualEcommerce_Logotipo-1.png\",\"width\":350,\"height\":100,\"caption\":\"Visual Ecommerce Fotograf\u00eda SL\"},\"image\":{\"@id\":\"https:\/\/visualecommerce.es\/#\/schema\/logo\/image\/\"},\"sameAs\":[\"https:\/\/www.facebook.com\/VisualEcommerceFotografia\",\"https:\/\/www.instagram.com\/visual_ecommerce\/\",\"https:\/\/www.youtube.com\/@VisualEcommerceFotografi-zo9km\",\"https:\/\/www.linkedin.com\/company\/visual-ecommerce-spain\"],\"description\":\"Estudio de fotograf\u00eda y v\u00eddeo para tiendas online.\",\"email\":\"info@visualecommerce.es\",\"telephone\":\"+34 667290107\",\"legalName\":\"Visual Ecommerce Fotograf\u00eda SL\",\"foundingDate\":\"2014-01-01\",\"numberOfEmployees\":{\"@type\":\"QuantitativeValue\",\"minValue\":\"1\",\"maxValue\":\"10\"}}]}<\/script>\n<!-- \/ Yoast SEO Premium plugin. -->","yoast_head_json":{"title":"Pol\u00edtica de Privacidad - Fotograf\u00eda de Producto Madrid","robots":{"index":"index","follow":"follow","max-snippet":"max-snippet:-1","max-image-preview":"max-image-preview:large","max-video-preview":"max-video-preview:-1"},"canonical":"https:\/\/visualecommerce.es\/en\/politica-de-privacidad\/","og_locale":"en_GB","og_type":"article","og_title":"Pol\u00edtica de Privacidad","og_description":"Pol\u00edtica de privacidad \u00daltima actualizaci\u00f3n: Enero 2023. 1.&nbsp;INFORMACI\u00d3N AL USUARIO Visual Ecommerce Fotograf\u00eda, S.L., como Responsable del Tratamiento, le informa que, seg\u00fan lo dispuesto en el Reglamento (UE) 2016\/679, de 27 de abril, (RGPD) y en la L.O. 3\/2018, de 5 de diciembre, de protecci\u00f3n de datos y garant\u00eda de los derechos digitales (LOPDGDD), trataremos [&hellip;]","og_url":"https:\/\/visualecommerce.es\/en\/politica-de-privacidad\/","og_site_name":"Fotograf\u00eda de Producto Madrid","article_publisher":"https:\/\/www.facebook.com\/VisualEcommerceFotografia","article_modified_time":"2023-07-17T22:37:32+00:00","twitter_card":"summary_large_image","twitter_misc":{"Estimated reading time":"5 minutes"},"schema":{"@context":"https:\/\/schema.org","@graph":[{"@type":"WebPage","@id":"https:\/\/visualecommerce.es\/politica-de-privacidad\/","url":"https:\/\/visualecommerce.es\/politica-de-privacidad\/","name":"Pol\u00edtica de Privacidad - Fotograf\u00eda de Producto Madrid","isPartOf":{"@id":"https:\/\/visualecommerce.es\/#website"},"datePublished":"2023-07-05T11:36:52+00:00","dateModified":"2023-07-17T22:37:32+00:00","breadcrumb":{"@id":"https:\/\/visualecommerce.es\/politica-de-privacidad\/#breadcrumb"},"inLanguage":"en-GB","potentialAction":[{"@type":"ReadAction","target":["https:\/\/visualecommerce.es\/politica-de-privacidad\/"]}]},{"@type":"BreadcrumbList","@id":"https:\/\/visualecommerce.es\/politica-de-privacidad\/#breadcrumb","itemListElement":[{"@type":"ListItem","position":1,"name":"Home","item":"https:\/\/visualecommerce.es\/"},{"@type":"ListItem","position":2,"name":"Pol\u00edtica de Privacidad"}]},{"@type":"WebSite","@id":"https:\/\/visualecommerce.es\/#website","url":"https:\/\/visualecommerce.es\/","name":"Fotograf\u00eda de Producto Madrid","description":"Fotograf\u00eda y v\u00eddeo ecommerce","publisher":{"@id":"https:\/\/visualecommerce.es\/#organization"},"alternateName":"Visual Ecommerce Fotografia","potentialAction":[{"@type":"SearchAction","target":{"@type":"EntryPoint","urlTemplate":"https:\/\/visualecommerce.es\/?s={search_term_string}"},"query-input":{"@type":"PropertyValueSpecification","valueRequired":true,"valueName":"search_term_string"}}],"inLanguage":"en-GB"},{"@type":"Organization","@id":"https:\/\/visualecommerce.es\/#organization","name":"Visual Ecommerce Fotograf\u00eda SL","alternateName":"Visual Ecommerce","url":"https:\/\/visualecommerce.es\/","logo":{"@type":"ImageObject","inLanguage":"en-GB","@id":"https:\/\/visualecommerce.es\/#\/schema\/logo\/image\/","url":"https:\/\/visualecommerce.es\/wp-content\/uploads\/2023\/05\/VisualEcommerce_Logotipo-1.png","contentUrl":"https:\/\/visualecommerce.es\/wp-content\/uploads\/2023\/05\/VisualEcommerce_Logotipo-1.png","width":350,"height":100,"caption":"Visual Ecommerce Fotograf\u00eda SL"},"image":{"@id":"https:\/\/visualecommerce.es\/#\/schema\/logo\/image\/"},"sameAs":["https:\/\/www.facebook.com\/VisualEcommerceFotografia","https:\/\/www.instagram.com\/visual_ecommerce\/","https:\/\/www.youtube.com\/@VisualEcommerceFotografi-zo9km","https:\/\/www.linkedin.com\/company\/visual-ecommerce-spain"],"description":"Estudio de fotograf\u00eda y v\u00eddeo para tiendas online.","email":"info@visualecommerce.es","telephone":"+34 667290107","legalName":"Visual Ecommerce Fotograf\u00eda SL","foundingDate":"2014-01-01","numberOfEmployees":{"@type":"QuantitativeValue","minValue":"1","maxValue":"10"}}]}},"_links":{"self":[{"href":"https:\/\/visualecommerce.es\/en\/wp-json\/wp\/v2\/pages\/3444","targetHints":{"allow":["GET"]}}],"collection":[{"href":"https:\/\/visualecommerce.es\/en\/wp-json\/wp\/v2\/pages"}],"about":[{"href":"https:\/\/visualecommerce.es\/en\/wp-json\/wp\/v2\/types\/page"}],"author":[{"embeddable":true,"href":"https:\/\/visualecommerce.es\/en\/wp-json\/wp\/v2\/users\/1"}],"replies":[{"embeddable":true,"href":"https:\/\/visualecommerce.es\/en\/wp-json\/wp\/v2\/comments?post=3444"}],"version-history":[{"count":14,"href":"https:\/\/visualecommerce.es\/en\/wp-json\/wp\/v2\/pages\/3444\/revisions"}],"predecessor-version":[{"id":4700,"href":"https:\/\/visualecommerce.es\/en\/wp-json\/wp\/v2\/pages\/3444\/revisions\/4700"}],"wp:attachment":[{"href":"https:\/\/visualecommerce.es\/en\/wp-json\/wp\/v2\/media?parent=3444"}],"curies":[{"name":"wp","href":"https:\/\/api.w.org\/{rel}","templated":true}]}}