{"id":3456,"date":"2023-07-05T11:43:13","date_gmt":"2023-07-05T11:43:13","guid":{"rendered":"https:\/\/visualecommerce.es\/?page_id=3456"},"modified":"2023-07-05T12:31:43","modified_gmt":"2023-07-05T12:31:43","slug":"politica-de-cookies","status":"publish","type":"page","link":"https:\/\/visualecommerce.es\/en\/politica-de-cookies\/","title":{"rendered":"Cookies policy"},"content":{"rendered":"<div data-elementor-type=\"wp-page\" data-elementor-id=\"3456\" class=\"elementor elementor-3456\" data-elementor-settings=\"{&quot;element_pack_global_tooltip_width&quot;:{&quot;unit&quot;:&quot;px&quot;,&quot;size&quot;:&quot;&quot;,&quot;sizes&quot;:[]},&quot;element_pack_global_tooltip_width_tablet&quot;:{&quot;unit&quot;:&quot;px&quot;,&quot;size&quot;:&quot;&quot;,&quot;sizes&quot;:[]},&quot;element_pack_global_tooltip_width_mobile&quot;:{&quot;unit&quot;:&quot;px&quot;,&quot;size&quot;:&quot;&quot;,&quot;sizes&quot;:[]},&quot;element_pack_global_tooltip_padding&quot;:{&quot;unit&quot;:&quot;px&quot;,&quot;top&quot;:&quot;&quot;,&quot;right&quot;:&quot;&quot;,&quot;bottom&quot;:&quot;&quot;,&quot;left&quot;:&quot;&quot;,&quot;isLinked&quot;:true},&quot;element_pack_global_tooltip_padding_tablet&quot;:{&quot;unit&quot;:&quot;px&quot;,&quot;top&quot;:&quot;&quot;,&quot;right&quot;:&quot;&quot;,&quot;bottom&quot;:&quot;&quot;,&quot;left&quot;:&quot;&quot;,&quot;isLinked&quot;:true},&quot;element_pack_global_tooltip_padding_mobile&quot;:{&quot;unit&quot;:&quot;px&quot;,&quot;top&quot;:&quot;&quot;,&quot;right&quot;:&quot;&quot;,&quot;bottom&quot;:&quot;&quot;,&quot;left&quot;:&quot;&quot;,&quot;isLinked&quot;:true},&quot;element_pack_global_tooltip_border_radius&quot;:{&quot;unit&quot;:&quot;px&quot;,&quot;top&quot;:&quot;&quot;,&quot;right&quot;:&quot;&quot;,&quot;bottom&quot;:&quot;&quot;,&quot;left&quot;:&quot;&quot;,&quot;isLinked&quot;:true},&quot;element_pack_global_tooltip_border_radius_tablet&quot;:{&quot;unit&quot;:&quot;px&quot;,&quot;top&quot;:&quot;&quot;,&quot;right&quot;:&quot;&quot;,&quot;bottom&quot;:&quot;&quot;,&quot;left&quot;:&quot;&quot;,&quot;isLinked&quot;:true},&quot;element_pack_global_tooltip_border_radius_mobile&quot;:{&quot;unit&quot;:&quot;px&quot;,&quot;top&quot;:&quot;&quot;,&quot;right&quot;:&quot;&quot;,&quot;bottom&quot;:&quot;&quot;,&quot;left&quot;:&quot;&quot;,&quot;isLinked&quot;:true}}\" data-elementor-post-type=\"page\">\n\t\t\t\t\t\t<section class=\"elementor-section elementor-top-section elementor-element elementor-element-53de3ad0 elementor-section-boxed elementor-section-height-default elementor-section-height-default\" data-id=\"53de3ad0\" data-element_type=\"section\">\n\t\t\t\t\t\t<div class=\"elementor-container elementor-column-gap-no\">\n\t\t\t\t\t<div class=\"elementor-column elementor-col-100 elementor-top-column elementor-element elementor-element-1323d4b4\" data-id=\"1323d4b4\" data-element_type=\"column\">\n\t\t\t<div class=\"elementor-widget-wrap elementor-element-populated\">\n\t\t\t\t\t\t<div class=\"elementor-element elementor-element-5dbacffd elementor-widget elementor-widget-heading\" data-id=\"5dbacffd\" data-element_type=\"widget\" data-widget_type=\"heading.default\">\n\t\t\t\t<div class=\"elementor-widget-container\">\n\t\t\t<h1 class=\"elementor-heading-title elementor-size-default\">Cookies policy<\/h1>\t\t<\/div>\n\t\t\t\t<\/div>\n\t\t\t\t<div class=\"elementor-element elementor-element-2cf79f6 elementor-widget__width-initial elementor-widget elementor-widget-text-editor\" data-id=\"2cf79f6\" data-element_type=\"widget\" data-widget_type=\"text-editor.default\">\n\t\t\t\t<div class=\"elementor-widget-container\">\n\t\t\t\t\t\t\t<p>Cookies are small amounts of information that are stored in the browser used by each user so that the server remembers certain information that it can use later.<\/p><h4>TYPES OF COOKIES WE USE<\/h4><p>This website uses third-party cookies, which are those that are sent to your computer or terminal from a domain or a web page that is not managed by us, but by another entity that processes the data obtained through cookies.<\/p><p>In this case, Cookies are used for statistical purposes related to the visits it receives and the pages that are consulted, its use being accepted when browsing it.<\/p><figure class=\"wp-block-table\"><table><tbody><tr><th>COOKIE<br \/>(AND PROVIDER)<\/th><th>DURACI\u00d3N<\/th><th>DESCRIPCI\u00d3N<\/th><\/tr><tr><td>__cfduid (notin.es)<\/td><td>Session<\/td><td>Advertising<\/td><\/tr><tr><td>personalization_id (twitter.com)<\/td><td>Session<\/td><td>Twitter<\/td><\/tr><tr><td>Facebook<\/td><td>Advertising, statistics and measurements<\/td><td>Place Cookies on your computer or device and receive the information stored in them when you use or visit services provided by other companies that use Facebook services.<\/td><\/tr><tr><td>_ga (Google)<\/td><td>2 years<\/td><td>It is used to distinguish users.<\/td><\/tr><tr><td>_gid (Google)<\/td><td>24 hours<\/td><td>It is used to distinguish users.<\/td><\/tr><tr><td>_gat (Google)<\/td><td>1 minute<\/td><td>It is used to limit the percentage of requests. If you have implemented Google Analytics through Google Tag Manager, this cookie will be called _dc_gtm_<a href=\"https:\/\/uztai.com\/\" target=\"_blank\" rel=\"noopener\">.<\/a><\/td><\/tr><tr><td>_gali (Google)<\/td><td>30s<\/td><td>Improved link attribution.<\/td><\/tr><tr><td>_unam (SHARETHIS)<\/td><td>Persistent<\/td><td>Its purpose is to quantify the number of Users who share certain content and how many web pages are visited as a result of that action.<\/td><\/tr><tr><td>WordPress<\/td><td>2 years<\/td><td>Used for the proper functioning of the WordPress content manager.<\/td><\/tr><\/tbody><\/table><\/figure><p>If you want more information about the types of tracking cookies and Google data analysis\u00a0<a class=\"rank-math-link\" href=\"https:\/\/www.google.com\/intl\/es_es\/policies\/technologies\/types\/\" target=\"_blank\" rel=\"noopener\">Click here<\/a>.<\/p><p>To find out how to delete cookies from your browser:<\/p><ul><li>\u00a0<\/li><\/ul><ul><li><ul><li><a class=\"rank-math-link\" href=\"https:\/\/support.mozilla.org\/es\/kb\/habilitar-y-deshabilitar-cookies-sitios-web-rastrear-preferencias\" target=\"_blank\" rel=\"noopener\">Firefox<\/a><\/li><\/ul><\/li><\/ul><ul><li><ul><li><a class=\"rank-math-link\" href=\"https:\/\/support.google.com\/chrome\/answer\/95647?hl=es\" target=\"_blank\" rel=\"noopener\">Chrome<\/a><\/li><\/ul><\/li><\/ul><ul><li><ul><li><a class=\"rank-math-link\" href=\"https:\/\/support.microsoft.com\/es-es\/topic\/eliminar-y-administrar-cookies-168dab11-0753-043d-7c16-ede5947fc64d\" target=\"_blank\" rel=\"noopener\">Internet Explorer<\/a><\/li><\/ul><\/li><\/ul><ul><li><ul><li><a class=\"rank-math-link\" href=\"https:\/\/unlooc.com\/\" target=\"_blank\" rel=\"noopener\">Safari<\/a><\/li><\/ul><\/li><\/ul><ul><li><ul><li><a class=\"rank-math-link\" href=\"https:\/\/www.allaboutcookies.org\/es\/administrar-las-cookies\/opera.html\" target=\"_blank\" rel=\"noopener\">Opera<\/a><\/li><\/ul><\/li><\/ul>\t\t\t\t\t\t<\/div>\n\t\t\t\t<\/div>\n\t\t\t\t\t<\/div>\n\t\t<\/div>\n\t\t\t\t\t<\/div>\n\t\t<\/section>\n\t\t<div class=\"elementor-element elementor-element-7458cf6 e-flex e-con-boxed e-con e-parent\" data-id=\"7458cf6\" data-element_type=\"container\">\n\t\t\t\t\t<div class=\"e-con-inner\">\n\t\t\t\t<div class=\"elementor-element elementor-element-84d003f elementor-widget elementor-widget-spacer\" data-id=\"84d003f\" data-element_type=\"widget\" data-widget_type=\"spacer.default\">\n\t\t\t\t<div class=\"elementor-widget-container\">\n\t\t\t\t\t<div class=\"elementor-spacer\">\n\t\t\t<div class=\"elementor-spacer-inner\"><\/div>\n\t\t<\/div>\n\t\t\t\t<\/div>\n\t\t\t\t<\/div>\n\t\t\t\t\t<\/div>\n\t\t\t\t<\/div>\n\t\t\t\t<\/div>","protected":false},"excerpt":{"rendered":"<p>Pol\u00edtica de cookies Las cookies son peque\u00f1as cantidades de informaci\u00f3n que se almacenan en el navegador utilizado por cada usuario para que el servidor recuerde cierta informaci\u00f3n que posteriormente pueda utilizar. TIPOS DE COOKIES QUE UTILIZAMOS Esta p\u00e1gina web utiliza cookies de terceros que son aquellas que se env\u00edan a tu ordenador o terminal desde [&hellip;]<\/p>","protected":false},"author":1,"featured_media":0,"parent":0,"menu_order":0,"comment_status":"closed","ping_status":"closed","template":"elementor_header_footer","meta":{"_joinchat":[],"footnotes":""},"class_list":["post-3456","page","type-page","status-publish","hentry"],"yoast_head":"<!-- This site is optimized with the Yoast SEO Premium plugin v23.9 (Yoast SEO v23.9) - https:\/\/yoast.com\/wordpress\/plugins\/seo\/ -->\n<title>Pol\u00edtica de Cookies - Fotograf\u00eda de Producto Madrid<\/title>\n<meta name=\"robots\" content=\"index, follow, max-snippet:-1, max-image-preview:large, max-video-preview:-1\" \/>\n<link rel=\"canonical\" href=\"https:\/\/visualecommerce.es\/en\/politica-de-cookies\/\" \/>\n<meta property=\"og:locale\" content=\"en_GB\" \/>\n<meta property=\"og:type\" content=\"article\" \/>\n<meta property=\"og:title\" content=\"Pol\u00edtica de Cookies\" \/>\n<meta property=\"og:description\" content=\"Pol\u00edtica de cookies Las cookies son peque\u00f1as cantidades de informaci\u00f3n que se almacenan en el navegador utilizado por cada usuario para que el servidor recuerde cierta informaci\u00f3n que posteriormente pueda utilizar. TIPOS DE COOKIES QUE UTILIZAMOS Esta p\u00e1gina web utiliza cookies de terceros que son aquellas que se env\u00edan a tu ordenador o terminal desde [&hellip;]\" \/>\n<meta property=\"og:url\" content=\"https:\/\/visualecommerce.es\/en\/politica-de-cookies\/\" \/>\n<meta property=\"og:site_name\" content=\"Fotograf\u00eda de Producto Madrid\" \/>\n<meta property=\"article:publisher\" content=\"https:\/\/www.facebook.com\/VisualEcommerceFotografia\" \/>\n<meta property=\"article:modified_time\" content=\"2023-07-05T12:31:43+00:00\" \/>\n<meta name=\"twitter:card\" content=\"summary_large_image\" \/>\n<meta name=\"twitter:label1\" content=\"Estimated reading time\" \/>\n\t<meta name=\"twitter:data1\" content=\"2 minutes\" \/>\n<script type=\"application\/ld+json\" class=\"yoast-schema-graph\">{\"@context\":\"https:\/\/schema.org\",\"@graph\":[{\"@type\":\"WebPage\",\"@id\":\"https:\/\/visualecommerce.es\/politica-de-cookies\/\",\"url\":\"https:\/\/visualecommerce.es\/politica-de-cookies\/\",\"name\":\"Pol\u00edtica de Cookies - Fotograf\u00eda de Producto Madrid\",\"isPartOf\":{\"@id\":\"https:\/\/visualecommerce.es\/#website\"},\"datePublished\":\"2023-07-05T11:43:13+00:00\",\"dateModified\":\"2023-07-05T12:31:43+00:00\",\"breadcrumb\":{\"@id\":\"https:\/\/visualecommerce.es\/politica-de-cookies\/#breadcrumb\"},\"inLanguage\":\"en-GB\",\"potentialAction\":[{\"@type\":\"ReadAction\",\"target\":[\"https:\/\/visualecommerce.es\/politica-de-cookies\/\"]}]},{\"@type\":\"BreadcrumbList\",\"@id\":\"https:\/\/visualecommerce.es\/politica-de-cookies\/#breadcrumb\",\"itemListElement\":[{\"@type\":\"ListItem\",\"position\":1,\"name\":\"Home\",\"item\":\"https:\/\/visualecommerce.es\/\"},{\"@type\":\"ListItem\",\"position\":2,\"name\":\"Pol\u00edtica de Cookies\"}]},{\"@type\":\"WebSite\",\"@id\":\"https:\/\/visualecommerce.es\/#website\",\"url\":\"https:\/\/visualecommerce.es\/\",\"name\":\"Fotograf\u00eda de Producto Madrid\",\"description\":\"Fotograf\u00eda y v\u00eddeo ecommerce\",\"publisher\":{\"@id\":\"https:\/\/visualecommerce.es\/#organization\"},\"alternateName\":\"Visual Ecommerce Fotografia\",\"potentialAction\":[{\"@type\":\"SearchAction\",\"target\":{\"@type\":\"EntryPoint\",\"urlTemplate\":\"https:\/\/visualecommerce.es\/?s={search_term_string}\"},\"query-input\":{\"@type\":\"PropertyValueSpecification\",\"valueRequired\":true,\"valueName\":\"search_term_string\"}}],\"inLanguage\":\"en-GB\"},{\"@type\":\"Organization\",\"@id\":\"https:\/\/visualecommerce.es\/#organization\",\"name\":\"Visual Ecommerce Fotograf\u00eda SL\",\"alternateName\":\"Visual Ecommerce\",\"url\":\"https:\/\/visualecommerce.es\/\",\"logo\":{\"@type\":\"ImageObject\",\"inLanguage\":\"en-GB\",\"@id\":\"https:\/\/visualecommerce.es\/#\/schema\/logo\/image\/\",\"url\":\"https:\/\/visualecommerce.es\/wp-content\/uploads\/2023\/05\/VisualEcommerce_Logotipo-1.png\",\"contentUrl\":\"https:\/\/visualecommerce.es\/wp-content\/uploads\/2023\/05\/VisualEcommerce_Logotipo-1.png\",\"width\":350,\"height\":100,\"caption\":\"Visual Ecommerce Fotograf\u00eda SL\"},\"image\":{\"@id\":\"https:\/\/visualecommerce.es\/#\/schema\/logo\/image\/\"},\"sameAs\":[\"https:\/\/www.facebook.com\/VisualEcommerceFotografia\",\"https:\/\/www.instagram.com\/visual_ecommerce\/\",\"https:\/\/www.youtube.com\/@VisualEcommerceFotografi-zo9km\",\"https:\/\/www.linkedin.com\/company\/visual-ecommerce-spain\"],\"description\":\"Estudio de fotograf\u00eda y v\u00eddeo para tiendas online.\",\"email\":\"info@visualecommerce.es\",\"telephone\":\"+34 667290107\",\"legalName\":\"Visual Ecommerce Fotograf\u00eda SL\",\"foundingDate\":\"2014-01-01\",\"numberOfEmployees\":{\"@type\":\"QuantitativeValue\",\"minValue\":\"1\",\"maxValue\":\"10\"}}]}<\/script>\n<!-- \/ Yoast SEO Premium plugin. -->","yoast_head_json":{"title":"Pol\u00edtica de Cookies - Fotograf\u00eda de Producto Madrid","robots":{"index":"index","follow":"follow","max-snippet":"max-snippet:-1","max-image-preview":"max-image-preview:large","max-video-preview":"max-video-preview:-1"},"canonical":"https:\/\/visualecommerce.es\/en\/politica-de-cookies\/","og_locale":"en_GB","og_type":"article","og_title":"Pol\u00edtica de Cookies","og_description":"Pol\u00edtica de cookies Las cookies son peque\u00f1as cantidades de informaci\u00f3n que se almacenan en el navegador utilizado por cada usuario para que el servidor recuerde cierta informaci\u00f3n que posteriormente pueda utilizar. TIPOS DE COOKIES QUE UTILIZAMOS Esta p\u00e1gina web utiliza cookies de terceros que son aquellas que se env\u00edan a tu ordenador o terminal desde [&hellip;]","og_url":"https:\/\/visualecommerce.es\/en\/politica-de-cookies\/","og_site_name":"Fotograf\u00eda de Producto Madrid","article_publisher":"https:\/\/www.facebook.com\/VisualEcommerceFotografia","article_modified_time":"2023-07-05T12:31:43+00:00","twitter_card":"summary_large_image","twitter_misc":{"Estimated reading time":"2 minutes"},"schema":{"@context":"https:\/\/schema.org","@graph":[{"@type":"WebPage","@id":"https:\/\/visualecommerce.es\/politica-de-cookies\/","url":"https:\/\/visualecommerce.es\/politica-de-cookies\/","name":"Pol\u00edtica de Cookies - Fotograf\u00eda de Producto Madrid","isPartOf":{"@id":"https:\/\/visualecommerce.es\/#website"},"datePublished":"2023-07-05T11:43:13+00:00","dateModified":"2023-07-05T12:31:43+00:00","breadcrumb":{"@id":"https:\/\/visualecommerce.es\/politica-de-cookies\/#breadcrumb"},"inLanguage":"en-GB","potentialAction":[{"@type":"ReadAction","target":["https:\/\/visualecommerce.es\/politica-de-cookies\/"]}]},{"@type":"BreadcrumbList","@id":"https:\/\/visualecommerce.es\/politica-de-cookies\/#breadcrumb","itemListElement":[{"@type":"ListItem","position":1,"name":"Home","item":"https:\/\/visualecommerce.es\/"},{"@type":"ListItem","position":2,"name":"Pol\u00edtica de Cookies"}]},{"@type":"WebSite","@id":"https:\/\/visualecommerce.es\/#website","url":"https:\/\/visualecommerce.es\/","name":"Fotograf\u00eda de Producto Madrid","description":"Fotograf\u00eda y v\u00eddeo ecommerce","publisher":{"@id":"https:\/\/visualecommerce.es\/#organization"},"alternateName":"Visual Ecommerce Fotografia","potentialAction":[{"@type":"SearchAction","target":{"@type":"EntryPoint","urlTemplate":"https:\/\/visualecommerce.es\/?s={search_term_string}"},"query-input":{"@type":"PropertyValueSpecification","valueRequired":true,"valueName":"search_term_string"}}],"inLanguage":"en-GB"},{"@type":"Organization","@id":"https:\/\/visualecommerce.es\/#organization","name":"Visual Ecommerce Fotograf\u00eda SL","alternateName":"Visual Ecommerce","url":"https:\/\/visualecommerce.es\/","logo":{"@type":"ImageObject","inLanguage":"en-GB","@id":"https:\/\/visualecommerce.es\/#\/schema\/logo\/image\/","url":"https:\/\/visualecommerce.es\/wp-content\/uploads\/2023\/05\/VisualEcommerce_Logotipo-1.png","contentUrl":"https:\/\/visualecommerce.es\/wp-content\/uploads\/2023\/05\/VisualEcommerce_Logotipo-1.png","width":350,"height":100,"caption":"Visual Ecommerce Fotograf\u00eda SL"},"image":{"@id":"https:\/\/visualecommerce.es\/#\/schema\/logo\/image\/"},"sameAs":["https:\/\/www.facebook.com\/VisualEcommerceFotografia","https:\/\/www.instagram.com\/visual_ecommerce\/","https:\/\/www.youtube.com\/@VisualEcommerceFotografi-zo9km","https:\/\/www.linkedin.com\/company\/visual-ecommerce-spain"],"description":"Estudio de fotograf\u00eda y v\u00eddeo para tiendas online.","email":"info@visualecommerce.es","telephone":"+34 667290107","legalName":"Visual Ecommerce Fotograf\u00eda SL","foundingDate":"2014-01-01","numberOfEmployees":{"@type":"QuantitativeValue","minValue":"1","maxValue":"10"}}]}},"_links":{"self":[{"href":"https:\/\/visualecommerce.es\/en\/wp-json\/wp\/v2\/pages\/3456","targetHints":{"allow":["GET"]}}],"collection":[{"href":"https:\/\/visualecommerce.es\/en\/wp-json\/wp\/v2\/pages"}],"about":[{"href":"https:\/\/visualecommerce.es\/en\/wp-json\/wp\/v2\/types\/page"}],"author":[{"embeddable":true,"href":"https:\/\/visualecommerce.es\/en\/wp-json\/wp\/v2\/users\/1"}],"replies":[{"embeddable":true,"href":"https:\/\/visualecommerce.es\/en\/wp-json\/wp\/v2\/comments?post=3456"}],"version-history":[{"count":8,"href":"https:\/\/visualecommerce.es\/en\/wp-json\/wp\/v2\/pages\/3456\/revisions"}],"predecessor-version":[{"id":4699,"href":"https:\/\/visualecommerce.es\/en\/wp-json\/wp\/v2\/pages\/3456\/revisions\/4699"}],"wp:attachment":[{"href":"https:\/\/visualecommerce.es\/en\/wp-json\/wp\/v2\/media?parent=3456"}],"curies":[{"name":"wp","href":"https:\/\/api.w.org\/{rel}","templated":true}]}}